{"id":99,"date":"2015-06-30T13:34:45","date_gmt":"2015-06-30T13:34:45","guid":{"rendered":"http:\/\/sipro.si\/?page_id=99"},"modified":"2021-09-15T10:50:16","modified_gmt":"2021-09-15T09:50:16","slug":"obvestila","status":"publish","type":"page","link":"https:\/\/sipro.si\/sl\/obvestila\/","title":{"rendered":"Obvestila"},"content":{"rendered":"<p><div class='pfpItem entry-content'><h2 class='entry-title'><a href='https:\/\/sipro.si\/sl\/splosna-obvestila-2\/'>SPLO\u0160NA OBVESTILA<\/a><\/h2><img src=https:\/\/sipro.si\/wp-content\/uploads\/2021\/07\/sipro-navpicno--150x150.jpg style='height:120px' \/>&nbsp; Obvestilo o spremembi vi\u0161ine neprofitne najemnine Obvestilo o spremembi vi\u0161ine neprofitne najemnine | Ob\u010dina \u017dalec | MojaOb\u010dina.si &nbsp; Obrazlo\u017eitev razdelilnika stro\u0161ka (polo\u017enica) &nbsp; &nbsp; Vodnik po upravljanju ve\u010dstanovanjskih stavb: https:\/\/zun-vodnik.gzs.si\/ Zakonodaja s podro\u010dja upravljanja v ve\u010dstanovanjskih stavbah &nbsp; &nbsp;<a href='https:\/\/sipro.si\/sl\/splosna-obvestila-2\/' class='pfpReadMore'><br \/>\nPreberite ve\u010d \u00bb<\/a><div class='clear'><\/div><hr><\/div><div class='pfpItem entry-content'><h2 class='entry-title'><a href='https:\/\/sipro.si\/sl\/certifikat-zaupanja-vreden-upravnik-2023\/'>CERTIFIKAT ZAUPANJA VREDEN UPRAVNIK 2026<\/a><\/h2><img src=https:\/\/sipro.si\/wp-content\/uploads\/2023\/07\/znacka_ZVU_2024-150x150.png style='height:120px' \/>CERTIFIKAT ZAUPANJA VREDEN UPRAVNIK 2026 V mesecu maju 2026 je podjetje \u017ee deseto leto zapored podalo vlogo za podalj\u0161anje certifikata Zaupanja vreden upravnik in na podlagi izpolnjenih pogojev dobilo PODALJ\u0160ANJE certifikata ZAUPANJA VREDEN UPRAVNIK 2026, ki velja do 31. 5.<a href='https:\/\/sipro.si\/sl\/certifikat-zaupanja-vreden-upravnik-2023\/' class='pfpReadMore'><br \/>\nPreberite ve\u010d \u00bb<\/a><div class='clear'><\/div><hr><\/div><div class='pfpItem entry-content'><h2 class='entry-title'><a href='https:\/\/sipro.si\/sl\/odlok-o-obvezni-namestitvi-razprsilnikov-za-razkuzevanje-rok-v-vecstanovanjskih-stavbah\/'>ZAKONI, ODLOKI, UKAZI<\/a><\/h2>U K A Z o razglasitvi Zakona o nujnih ukrepih za omilitev posledic obra\u010duna visoke omre\u017enine za gospodinjske odjemalce (ZNUOPOVO) sectionpdf<a href='https:\/\/sipro.si\/sl\/odlok-o-obvezni-namestitvi-razprsilnikov-za-razkuzevanje-rok-v-vecstanovanjskih-stavbah\/' class='pfpReadMore'><br \/>\nPreberite ve\u010d \u00bb<\/a><div class='clear'><\/div><hr><\/div><div class='pfpItem entry-content'><h2 class='entry-title'><a href='https:\/\/sipro.si\/sl\/obvestilo-uradne-ure\/'>OBVESTILO: URADNE URE<\/a><\/h2>URADNE URE PODJETJA SO V NASLEDNJIH TERMINIH: &nbsp; Ponedeljek 13. 00 \u2013 15. 00 Sreda \u00a0\u00a0\u00a0\u00a0\u00a0\u00a0\u00a0\u00a0\u00a0\u00a0\u00a0\u00a08. 00 \u2013 10. 00 \u00a0 \u00a0 \u00a0 \u00a0 \u00a0 \u00a0 \u00a0 \u00a0 \u00a0 \u00a0 \u00a0 \u00a014. 00 \u2013 16. 00 Petek\u00a0\u00a0\u00a0\u00a0\u00a0\u00a0\u00a0\u00a0\u00a0\u00a0 \u00a0 8. 00<a href='https:\/\/sipro.si\/sl\/obvestilo-uradne-ure\/' class='pfpReadMore'><br \/>\nPreberite ve\u010d \u00bb<\/a><div class='clear'><\/div><hr><\/div><div class='pfpItem entry-content'><h2 class='entry-title'><a href='https:\/\/sipro.si\/sl\/obvestila-uporaba-dvigal-preprecevanje-okuzbe\/'>OBVESTILA<\/a><\/h2><a href='https:\/\/sipro.si\/sl\/obvestila-uporaba-dvigal-preprecevanje-okuzbe\/' class='pfpReadMore'><br \/>\nPreberite ve\u010d \u00bb<\/a><div class='clear'><\/div><hr><\/div><span class='pfpNav'><a href=\"https:\/\/sipro.si\/sl\/wp-json\/wp\/v2\/pages\/99\/page\/2\/\" >Older Entries &raquo; <\/a><\/span><\/p>\n","protected":false},"excerpt":{"rendered":"","protected":false},"author":1,"featured_media":0,"parent":0,"menu_order":0,"comment_status":"closed","ping_status":"closed","template":"","meta":[],"_links":{"self":[{"href":"https:\/\/sipro.si\/sl\/wp-json\/wp\/v2\/pages\/99"}],"collection":[{"href":"https:\/\/sipro.si\/sl\/wp-json\/wp\/v2\/pages"}],"about":[{"href":"https:\/\/sipro.si\/sl\/wp-json\/wp\/v2\/types\/page"}],"author":[{"embeddable":true,"href":"https:\/\/sipro.si\/sl\/wp-json\/wp\/v2\/users\/1"}],"replies":[{"embeddable":true,"href":"https:\/\/sipro.si\/sl\/wp-json\/wp\/v2\/comments?post=99"}],"version-history":[{"count":14,"href":"https:\/\/sipro.si\/sl\/wp-json\/wp\/v2\/pages\/99\/revisions"}],"predecessor-version":[{"id":1145,"href":"https:\/\/sipro.si\/sl\/wp-json\/wp\/v2\/pages\/99\/revisions\/1145"}],"wp:attachment":[{"href":"https:\/\/sipro.si\/sl\/wp-json\/wp\/v2\/media?parent=99"}],"curies":[{"name":"wp","href":"https:\/\/api.w.org\/{rel}","templated":true}]}}