{"id":838,"date":"2018-08-28T07:06:06","date_gmt":"2018-08-28T06:06:06","guid":{"rendered":"http:\/\/sipro.si\/?page_id=838"},"modified":"2018-08-29T14:53:10","modified_gmt":"2018-08-29T13:53:10","slug":"zakaj-izbrati-in-obdrzati-nase-podjetje","status":"publish","type":"page","link":"https:\/\/sipro.si\/sl\/upravljanje\/zakaj-izbrati-in-obdrzati-nase-podjetje\/","title":{"rendered":"ZAKAJ IZBRATI SIPRO?"},"content":{"rendered":"<p><strong><span style=\"color: #333399;\">ZAKAJ IZBRATI IN OBDR\u017dATI NA\u0160E PODJETJE?<\/span><\/strong><\/p>\n<p>&nbsp;<\/p>\n<ul>\n<li>dose\u017eemo dolo\u010dene standarde upravljanja<\/li>\n<li><\/li>\n<li>smo podjetje s finan\u010dno stabilnostjo, bonitetne ocene A+<\/li>\n<li><\/li>\n<li>trudimo se stranko poslu\u0161ati in razumeti<\/li>\n<li><\/li>\n<li>trudimo se naloge izvajati korektno in pravo\u010dasno<\/li>\n<li><\/li>\n<li>ne dajemo obljub, ki se jih ne moremo dr\u017eati<\/li>\n<li><\/li>\n<li>medsebojno u\u010dinkovito komuniciramo<\/li>\n<li><\/li>\n<li>skrbimo za bivanje in va\u0161e zadovoljstvo<\/li>\n<li><\/li>\n<li>smo imetniki certifikata Zaupanja vreden upravnik<\/li>\n<li><\/li>\n<li>skrbimo za \u010dim manj\u0161e stro\u0161ke vzdr\u017eevanja<\/li>\n<li><\/li>\n<li>delamo transparentno<\/li>\n<li><\/li>\n<li>redno vzdr\u017eujemo in skrbimo za nemoteno funkcioniranje ter obratovanje stavbe<\/li>\n<li><\/li>\n<li>za ve\u010dja investicijska dela pozovemo k oddaji ponudb nad 5 ponudnikov, z enakim in kvalitetnim popisom del<\/li>\n<li><\/li>\n<li>vodimo investicijska dela in opravljamo nadzor nad deli<\/li>\n<li><\/li>\n<li>uporabljamo sodobni informacijski sistem<\/li>\n<li><\/li>\n<li>pridobivamo subvencije s strani Eko sklada<\/li>\n<li><\/li>\n<li>uredimo zavarovanje skupnih delov in naprav stavb<\/li>\n<li><\/li>\n<li>brezpla\u010dno nudimo pravno pomo\u010d<\/li>\n<li><\/li>\n<li>smo odzivni in hitri pri re\u0161evanju intervencij<\/li>\n<li><\/li>\n<li>neprestano sodelujmo in se dogovarjamo z lastniki in uporabniki stanovanj ter s\u00a0 predstavniki stavb<\/li>\n<li><\/li>\n<li>rezervni sklad vodimo za vsako stavbo posebej na lo\u010denih transakcijskih ra\u010dunih<\/li>\n<\/ul>\n","protected":false},"excerpt":{"rendered":"<p>ZAKAJ IZBRATI IN OBDR\u017dATI NA\u0160E PODJETJE? &nbsp; dose\u017eemo dolo\u010dene standarde upravljanja smo podjetje s finan\u010dno stabilnostjo, bonitetne ocene A+ trudimo se stranko poslu\u0161ati in razumeti trudimo se naloge izvajati korektno in pravo\u010dasno ne dajemo obljub, ki se jih ne moremo<\/p>\n","protected":false},"author":1,"featured_media":0,"parent":43,"menu_order":0,"comment_status":"closed","ping_status":"closed","template":"","meta":[],"_links":{"self":[{"href":"https:\/\/sipro.si\/sl\/wp-json\/wp\/v2\/pages\/838"}],"collection":[{"href":"https:\/\/sipro.si\/sl\/wp-json\/wp\/v2\/pages"}],"about":[{"href":"https:\/\/sipro.si\/sl\/wp-json\/wp\/v2\/types\/page"}],"author":[{"embeddable":true,"href":"https:\/\/sipro.si\/sl\/wp-json\/wp\/v2\/users\/1"}],"replies":[{"embeddable":true,"href":"https:\/\/sipro.si\/sl\/wp-json\/wp\/v2\/comments?post=838"}],"version-history":[{"count":2,"href":"https:\/\/sipro.si\/sl\/wp-json\/wp\/v2\/pages\/838\/revisions"}],"predecessor-version":[{"id":849,"href":"https:\/\/sipro.si\/sl\/wp-json\/wp\/v2\/pages\/838\/revisions\/849"}],"up":[{"embeddable":true,"href":"https:\/\/sipro.si\/sl\/wp-json\/wp\/v2\/pages\/43"}],"wp:attachment":[{"href":"https:\/\/sipro.si\/sl\/wp-json\/wp\/v2\/media?parent=838"}],"curies":[{"name":"wp","href":"https:\/\/api.w.org\/{rel}","templated":true}]}}