{"id":60,"date":"2015-06-30T07:44:01","date_gmt":"2015-06-30T07:44:01","guid":{"rendered":"http:\/\/sipro.si\/?page_id=60"},"modified":"2016-02-28T15:00:56","modified_gmt":"2016-02-28T15:00:56","slug":"ostale-storitve","status":"publish","type":"page","link":"https:\/\/sipro.si\/sl\/ostale-storitve\/","title":{"rendered":"Ostale storitve"},"content":{"rendered":"<p>Za ve\u010dstanovanjske ali poslovne stavbe vodimo sredstva rezervnega sklada, ki so namenjena za kritje stro\u0161kov vzdr\u017eevanja stavbe<!--more--><\/p>\n","protected":false},"excerpt":{"rendered":"<p>Za ve\u010dstanovanjske ali poslovne stavbe vodimo sredstva rezervnega sklada, ki so namenjena za kritje stro\u0161kov vzdr\u017eevanja stavbe<\/p>\n","protected":false},"author":1,"featured_media":79,"parent":0,"menu_order":0,"comment_status":"closed","ping_status":"closed","template":"","meta":[],"_links":{"self":[{"href":"https:\/\/sipro.si\/sl\/wp-json\/wp\/v2\/pages\/60"}],"collection":[{"href":"https:\/\/sipro.si\/sl\/wp-json\/wp\/v2\/pages"}],"about":[{"href":"https:\/\/sipro.si\/sl\/wp-json\/wp\/v2\/types\/page"}],"author":[{"embeddable":true,"href":"https:\/\/sipro.si\/sl\/wp-json\/wp\/v2\/users\/1"}],"replies":[{"embeddable":true,"href":"https:\/\/sipro.si\/sl\/wp-json\/wp\/v2\/comments?post=60"}],"version-history":[{"count":5,"href":"https:\/\/sipro.si\/sl\/wp-json\/wp\/v2\/pages\/60\/revisions"}],"predecessor-version":[{"id":389,"href":"https:\/\/sipro.si\/sl\/wp-json\/wp\/v2\/pages\/60\/revisions\/389"}],"wp:featuredmedia":[{"embeddable":true,"href":"https:\/\/sipro.si\/sl\/wp-json\/wp\/v2\/media\/79"}],"wp:attachment":[{"href":"https:\/\/sipro.si\/sl\/wp-json\/wp\/v2\/media?parent=60"}],"curies":[{"name":"wp","href":"https:\/\/api.w.org\/{rel}","templated":true}]}}