{"id":532,"date":"2016-07-18T08:30:47","date_gmt":"2016-07-18T08:30:47","guid":{"rendered":"http:\/\/sipro.si\/?page_id=532"},"modified":"2021-09-15T05:53:13","modified_gmt":"2021-09-15T04:53:13","slug":"uradne-ure","status":"publish","type":"page","link":"https:\/\/sipro.si\/sl\/uradne-ure\/","title":{"rendered":"Uradne ure"},"content":{"rendered":"<table>\n<tbody>\n<tr>\n<td style=\"border: 0px;\"><span style=\"text-decoration: underline;\">PONEDELJEK:<\/span><\/td>\n<td style=\"border: 0px;\">od 13.00 do 15.00<\/td>\n<\/tr>\n<tr>\n<td style=\"border: 0px;\"><span style=\"text-decoration: underline;\">SREDA:<\/span><\/td>\n<td style=\"border: 0px;\">od 8.00 do 10.00 in od 14.00 do 16.00<\/td>\n<\/tr>\n<tr>\n<td style=\"border: 0px;\"><span style=\"text-decoration: underline;\">PETEK:<\/span><\/td>\n<td style=\"border: 0px;\">od 8.00 do 10.00<\/td>\n<\/tr>\n<\/tbody>\n<\/table>\n<p>Ob torkih in \u010detrtkih ni uradnih ur.<\/p>\n<p>Uradne ure kotlovnice so v \u010dasu kurilne sezone, ko se za\u010dnejo ogrevati<\/p>\n<p>ve\u010dstanovanjske zgradbe do zaklju\u010dka le-te.<\/p>\n","protected":false},"excerpt":{"rendered":"<p>PONEDELJEK: od 13.00 do 15.00 SREDA: od 8.00 do 10.00 in od 14.00 do 16.00 PETEK: od 8.00 do 10.00 Ob torkih in \u010detrtkih ni uradnih ur. Uradne ure kotlovnice so v \u010dasu kurilne sezone, ko se za\u010dnejo ogrevati ve\u010dstanovanjske<\/p>\n","protected":false},"author":1,"featured_media":0,"parent":0,"menu_order":0,"comment_status":"closed","ping_status":"closed","template":"","meta":[],"_links":{"self":[{"href":"https:\/\/sipro.si\/sl\/wp-json\/wp\/v2\/pages\/532"}],"collection":[{"href":"https:\/\/sipro.si\/sl\/wp-json\/wp\/v2\/pages"}],"about":[{"href":"https:\/\/sipro.si\/sl\/wp-json\/wp\/v2\/types\/page"}],"author":[{"embeddable":true,"href":"https:\/\/sipro.si\/sl\/wp-json\/wp\/v2\/users\/1"}],"replies":[{"embeddable":true,"href":"https:\/\/sipro.si\/sl\/wp-json\/wp\/v2\/comments?post=532"}],"version-history":[{"count":3,"href":"https:\/\/sipro.si\/sl\/wp-json\/wp\/v2\/pages\/532\/revisions"}],"predecessor-version":[{"id":1140,"href":"https:\/\/sipro.si\/sl\/wp-json\/wp\/v2\/pages\/532\/revisions\/1140"}],"wp:attachment":[{"href":"https:\/\/sipro.si\/sl\/wp-json\/wp\/v2\/media?parent=532"}],"curies":[{"name":"wp","href":"https:\/\/api.w.org\/{rel}","templated":true}]}}