{"id":53,"date":"2015-06-30T07:22:58","date_gmt":"2015-06-30T07:22:58","guid":{"rendered":"http:\/\/sipro.si\/?page_id=53"},"modified":"2021-11-02T09:03:28","modified_gmt":"2021-11-02T08:03:28","slug":"o-podjetju-2","status":"publish","type":"page","link":"https:\/\/sipro.si\/sl\/o-podjetju-2\/","title":{"rendered":"O podjetju"},"content":{"rendered":"<p><\/p>\n<style>\n.rok li:before {<br \/>   font-family: 'FontAwesome';<br \/>   content: '\\f0a4';<br \/>   margin:0 5px 0 -15px;<br \/>   color: #FFD203;<br \/>}<br \/>.rok ul<br \/>{<br \/>    list-style-type: none;<br \/>}<br \/><\/style>\n<div class=\"col-md-8\">\n<p>SIPRO, Stanovanjsko podjetje, d.o.o, je bilo ustanovljeno leta 1992 v \u017dalcu.<\/p>\n<p>&nbsp;<\/p>\n<p>V podjetju so zaposleni delavci, ki so strokovno podkovani na podro\u010dju stanovanjske zakonodaje. V podjetju je 17 redno zaposlenih. Poleg tega pa ima podjetje tudi okoli 30 kooperantov za izvedbo vzdr\u017eevalnih del.<\/p>\n<p>Osnovna dejavnost podjetja je upravljanje z nepremi\u010dninami ter proizvodnja in distribucija toplotne energije.<\/p>\n<p>Podjetje SIPRO, d.o.o., \u017dalec ima v upravljanju okoli 4000 stanovanj in nekaj poslovnih prostorov. Ve\u010dina stanovanj, ki jih ima podjetje v upravljanju so na obmo\u010dju ob\u010dine \u017dalec, Polzela, Prebold, nekaj stanovanjskih enot pa ima tudi v upravljanju v ob\u010dini Mozirje, Vransko, Tabor, Braslov\u010de in Celje.<\/p>\n<p>Podjetje, preko pogodb ali kooperantov, opravlja tudi hi\u0161ni\u0161ke storitve, organizira \u010di\u0161\u010denje stanovanjskih objektov, opravlja inkaso obratovalnih stro\u0161kov ter vodi in\u017eeniring posle. Obseg tovrstnih storitev se vsako leto pove\u010duje, kar je nekje v skladu s politiko in cilji podjetja.<\/p>\n<p>Podjetje je v privatni lasti, solastnik podjetja pa so tudi ob\u010dine obmo\u010dja spodnje Savinjske regije. Podjetje SIPRO, d.o.o, \u017dalec je edino podjetje v Sloveniji, ki ima tak\u0161no lastni\u0161ko sestavo. Ostala podjetja so ve\u010dinoma v privatni lasti, nekateri upravljavci so zadruge ali pa skladi ob\u010din, ki upravljajo s svojim stanovanjskim fondom.<\/p>\n<p>Podjetje je \u010dlan Gospodarske zbornice Slovenije \u017ee od svojega nastanka. Prav tako je \u010dlan Zdru\u017eenja delodajalcev Slovenije.<\/p>\n<p>Podjetje SIPRO je v letu 1998 pridobilo standard kakovosti ISO 9001, ki je veljalo do 2000.<\/p>\n<\/div>\n<div class=\"col-md-4 rok\">\n<h2>Politika kakovosti<\/h2>\n<p>Na\u0161 cilj je izvajati kakovostno storitev vedno in za vse poslovne stranke.<\/p>\n<p>Da dose\u017eemo kakovostno storitev, moramo zadovoljiti dolo\u010denim standardom. Ne glede na delo, stanje ali polo\u017eaj v podjetju SIPRO, d.o.o., \u017dalec, moramo:<\/p>\n<ul>\n<li><strong style=\"font-size: 1.5em; color: #ffd203;\">poslu\u0161ati<\/strong> na\u0161o stranko<\/li>\n<li><strong style=\"font-size: 1.5em; color: #ffd203;\">razumeti <\/strong>vsako strankino zahtevo<\/li>\n<li>izvesti vsako nalogo <strong style=\"font-size: 1.5em; color: #ffd203;\">korektno in pravo\u010dasno<\/strong><\/li>\n<li>medsebojno <strong style=\"font-size: 1.5em; color: #ffd203;\">u\u010dinkovito komuniciranje<\/strong><\/li>\n<li>nikoli dajati obljub, ki se jih ne moremo dr\u017eati<\/li>\n<\/ul>\n<\/div>\n<p><\/p>","protected":false},"excerpt":{"rendered":"<p>SIPRO, Stanovanjsko podjetje, d.o.o, je bilo ustanovljeno leta 1992 v \u017dalcu. &nbsp; V podjetju so zaposleni delavci, ki so strokovno podkovani na podro\u010dju stanovanjske zakonodaje. V podjetju je 17 redno zaposlenih. Poleg tega pa ima podjetje tudi okoli 30 kooperantov<\/p>\n","protected":false},"author":1,"featured_media":0,"parent":0,"menu_order":0,"comment_status":"closed","ping_status":"closed","template":"","meta":[],"_links":{"self":[{"href":"https:\/\/sipro.si\/sl\/wp-json\/wp\/v2\/pages\/53"}],"collection":[{"href":"https:\/\/sipro.si\/sl\/wp-json\/wp\/v2\/pages"}],"about":[{"href":"https:\/\/sipro.si\/sl\/wp-json\/wp\/v2\/types\/page"}],"author":[{"embeddable":true,"href":"https:\/\/sipro.si\/sl\/wp-json\/wp\/v2\/users\/1"}],"replies":[{"embeddable":true,"href":"https:\/\/sipro.si\/sl\/wp-json\/wp\/v2\/comments?post=53"}],"version-history":[{"count":24,"href":"https:\/\/sipro.si\/sl\/wp-json\/wp\/v2\/pages\/53\/revisions"}],"predecessor-version":[{"id":1166,"href":"https:\/\/sipro.si\/sl\/wp-json\/wp\/v2\/pages\/53\/revisions\/1166"}],"wp:attachment":[{"href":"https:\/\/sipro.si\/sl\/wp-json\/wp\/v2\/media?parent=53"}],"curies":[{"name":"wp","href":"https:\/\/api.w.org\/{rel}","templated":true}]}}