{"id":517,"date":"2016-07-14T12:10:01","date_gmt":"2016-07-14T12:10:01","guid":{"rendered":"http:\/\/sipro.si\/?page_id=517"},"modified":"2025-08-12T10:03:45","modified_gmt":"2025-08-12T09:03:45","slug":"kurilni-odbor-mozirje","status":"publish","type":"page","link":"https:\/\/sipro.si\/sl\/toplotna-oskrba\/kurilni-odbor-mozirje\/","title":{"rendered":"Ostale kotlarne &#8211; toplotna oskrba"},"content":{"rendered":"<p>Letno poro\u010dilo o porabi toplotne energije 2024\/2025<\/p>\n<p><a href=\"http:\/\/sipro.si\/wp-content\/uploads\/2025\/08\/Letno-porocilo-o-porabi-toplotne-energije-2024-2025-Grascinska-cesta-15.pdf\">Letno poro\u010dilo o porabi toplotne energije 2024-2025 Gra\u0161\u010dinska cesta 15<\/a><\/p>\n<p><a href=\"http:\/\/sipro.si\/wp-content\/uploads\/2025\/08\/Letno-porocilo-o-porabi-toplotne-energije-2024-2025-Janezovo-polje-14.pdf\">Letno poro\u010dilo o porabi toplotne energije 2024-2025 Janezovo polje 14<\/a><\/p>\n<p><a href=\"http:\/\/sipro.si\/wp-content\/uploads\/2025\/08\/Letno-porocilo-o-porabi-toplotne-energije-2024-2025-Janezovo-polje-20.pdf\">Letno poro\u010dilo o porabi toplotne energije 2024-2025 Janezovo polje 20<\/a><\/p>\n<p><a href=\"http:\/\/sipro.si\/wp-content\/uploads\/2025\/08\/Letno-porocilo-o-porabi-toplotne-energije-2024-2025-Lacja-vas-15.pdf\">Letno poro\u010dilo o porabi toplotne energije 2024-2025 La\u010dja vas 15<\/a><\/p>\n<p><a href=\"http:\/\/sipro.si\/wp-content\/uploads\/2025\/08\/Letno-porocilo-o-porabi-toplotne-energije-TO-05-2024-2025.pdf\">Letno poro\u010dilo o porabi toplotne energije TO 05 2024-2025<\/a><\/p>\n<p><a href=\"http:\/\/sipro.si\/wp-content\/uploads\/2025\/08\/Letno-porocilo-o-porabi-toplotne-energije-TO-06-2024-2025.pdf\">Letno poro\u010dilo o porabi toplotne energije TO 06 2024-2025<\/a><\/p>\n<p><a href=\"http:\/\/sipro.si\/wp-content\/uploads\/2025\/08\/Letno-porocilo-o-porabi-toplotne-energije-TO-07-2024-2025.pdf\">Letno poro\u010dilo o porabi toplotne energije TO 07 2024-2025<\/a><\/p>\n<p><a href=\"http:\/\/sipro.si\/wp-content\/uploads\/2025\/08\/Letno-porocilo-o-porabi-toplotne-energije-TO-11-2024-2025.pdf\">Letno poro\u010dilo o porabi toplotne energije TO 11 2024-2025<\/a><\/p>\n<p><a href=\"http:\/\/sipro.si\/wp-content\/uploads\/2025\/08\/Letno-porocilo-o-porabi-toplotne-energije-TO-16-2024-2025.pdf\">Letno poro\u010dilo o porabi toplotne energije TO 16 2024-2025<\/a><\/p>\n<p><a href=\"http:\/\/sipro.si\/wp-content\/uploads\/2025\/08\/Letno-porocilo-o-porabi-toplotne-energije-TO-23-2024-2025.pdf\">Letno poro\u010dilo o porabi toplotne energije TO 23 2024-2025<\/a><\/p>\n<p><a href=\"http:\/\/sipro.si\/wp-content\/uploads\/2025\/08\/Letno-porocilo-o-porabi-toplotne-energije-TO-24-2024-2025.pdf\">Letno poro\u010dilo o porabi toplotne energije TO 24 2024-2025<\/a><\/p>\n","protected":false},"excerpt":{"rendered":"<p>Letno poro\u010dilo o porabi toplotne energije 2024\/2025 Letno poro\u010dilo o porabi toplotne energije 2024-2025 Gra\u0161\u010dinska cesta 15 Letno poro\u010dilo o porabi toplotne energije 2024-2025 Janezovo polje 14 Letno poro\u010dilo o porabi toplotne energije 2024-2025 Janezovo polje 20 Letno poro\u010dilo o<\/p>\n","protected":false},"author":1,"featured_media":0,"parent":46,"menu_order":0,"comment_status":"closed","ping_status":"closed","template":"","meta":[],"_links":{"self":[{"href":"https:\/\/sipro.si\/sl\/wp-json\/wp\/v2\/pages\/517"}],"collection":[{"href":"https:\/\/sipro.si\/sl\/wp-json\/wp\/v2\/pages"}],"about":[{"href":"https:\/\/sipro.si\/sl\/wp-json\/wp\/v2\/types\/page"}],"author":[{"embeddable":true,"href":"https:\/\/sipro.si\/sl\/wp-json\/wp\/v2\/users\/1"}],"replies":[{"embeddable":true,"href":"https:\/\/sipro.si\/sl\/wp-json\/wp\/v2\/comments?post=517"}],"version-history":[{"count":12,"href":"https:\/\/sipro.si\/sl\/wp-json\/wp\/v2\/pages\/517\/revisions"}],"predecessor-version":[{"id":1469,"href":"https:\/\/sipro.si\/sl\/wp-json\/wp\/v2\/pages\/517\/revisions\/1469"}],"up":[{"embeddable":true,"href":"https:\/\/sipro.si\/sl\/wp-json\/wp\/v2\/pages\/46"}],"wp:attachment":[{"href":"https:\/\/sipro.si\/sl\/wp-json\/wp\/v2\/media?parent=517"}],"curies":[{"name":"wp","href":"https:\/\/api.w.org\/{rel}","templated":true}]}}