{"id":515,"date":"2023-07-07T12:09:45","date_gmt":"2023-07-07T11:09:45","guid":{"rendered":"http:\/\/sipro.si\/?page_id=515"},"modified":"2026-03-25T15:12:59","modified_gmt":"2026-03-25T14:12:59","slug":"kurilni-odbor-kasaze-110","status":"publish","type":"page","link":"https:\/\/sipro.si\/sl\/toplotna-oskrba\/kurilni-odbor-kasaze-110\/","title":{"rendered":"Kurilni odbor Kasaze 109, 110, 111"},"content":{"rendered":"<p>Kurilni odbor Kasaze 109, 110, 111<\/p>\n<p>&nbsp;<\/p>\n<p>\u010clani Kurilnega odbora Kasaze 109, 110 in 111:<\/p>\n<p>VRABEC Janko Kasaze 109<\/p>\n<p>FELDIN Ana Kasaze 109<\/p>\n<p>DOSEDLA Rafael Kasaze 110<\/p>\n<p>FIJAV\u017d Ale\u0161 Kasaze 110<\/p>\n<p>UL\u010cNIK Andrej Kasaze 111<\/p>\n<p>PLANIN\u0160EK Milan Kasaze 111<\/p>\n<p>&nbsp;<\/p>\n<p><a href=\"http:\/\/sipro.si\/wp-content\/uploads\/2025\/08\/Letno-porocilo-o-porabi-toplotne-energije-TO-02-2024-2025.pdf\">Letno poro\u010dilo o porabi toplotne energije TO 02 2024-2025<\/a><\/p>\n<p>&nbsp;<\/p>\n<p>&nbsp;<\/p>\n<p><a href=\"http:\/\/sipro.si\/wp-content\/uploads\/2024\/08\/izvlecek-19.-seje.pdf\">izvle\u010dek 19. seje<\/a><\/p>\n<p><a href=\"http:\/\/sipro.si\/wp-content\/uploads\/2024\/08\/izvlecek-18.-seje.pdf\">izvle\u010dek 18. seje<\/a><\/p>\n<p><a href=\"http:\/\/sipro.si\/wp-content\/uploads\/2024\/08\/izvlecek-17.-seje.pdf\">izvle\u010dek 17. seje<\/a><\/p>\n","protected":false},"excerpt":{"rendered":"<p>Kurilni odbor Kasaze 109, 110, 111 &nbsp; \u010clani Kurilnega odbora Kasaze 109, 110 in 111: VRABEC Janko Kasaze 109 FELDIN Ana Kasaze 109 DOSEDLA Rafael Kasaze 110 FIJAV\u017d Ale\u0161 Kasaze 110 UL\u010cNIK Andrej Kasaze 111 PLANIN\u0160EK Milan Kasaze 111 &nbsp;<\/p>\n","protected":false},"author":1,"featured_media":0,"parent":46,"menu_order":0,"comment_status":"closed","ping_status":"closed","template":"","meta":[],"_links":{"self":[{"href":"https:\/\/sipro.si\/sl\/wp-json\/wp\/v2\/pages\/515"}],"collection":[{"href":"https:\/\/sipro.si\/sl\/wp-json\/wp\/v2\/pages"}],"about":[{"href":"https:\/\/sipro.si\/sl\/wp-json\/wp\/v2\/types\/page"}],"author":[{"embeddable":true,"href":"https:\/\/sipro.si\/sl\/wp-json\/wp\/v2\/users\/1"}],"replies":[{"embeddable":true,"href":"https:\/\/sipro.si\/sl\/wp-json\/wp\/v2\/comments?post=515"}],"version-history":[{"count":16,"href":"https:\/\/sipro.si\/sl\/wp-json\/wp\/v2\/pages\/515\/revisions"}],"predecessor-version":[{"id":1496,"href":"https:\/\/sipro.si\/sl\/wp-json\/wp\/v2\/pages\/515\/revisions\/1496"}],"up":[{"embeddable":true,"href":"https:\/\/sipro.si\/sl\/wp-json\/wp\/v2\/pages\/46"}],"wp:attachment":[{"href":"https:\/\/sipro.si\/sl\/wp-json\/wp\/v2\/media?parent=515"}],"curies":[{"name":"wp","href":"https:\/\/api.w.org\/{rel}","templated":true}]}}