{"id":509,"date":"2016-07-14T12:08:50","date_gmt":"2016-07-14T12:08:50","guid":{"rendered":"http:\/\/sipro.si\/?page_id=509"},"modified":"2026-03-25T14:51:31","modified_gmt":"2026-03-25T13:51:31","slug":"kurilni-odbor-pod-smrekami","status":"publish","type":"page","link":"https:\/\/sipro.si\/sl\/toplotna-oskrba\/kurilni-odbor-pod-smrekami\/","title":{"rendered":"Kurilni odbor Pod smrekami"},"content":{"rendered":"<p>Kurilni odbor Pod smrekami 10-18<\/p>\n<p><span style=\"text-decoration: underline;\">\u010clani Kurilnega odbora Pod smrekami 10 &#8211; 18<\/span><\/p>\n<p>DOLER Aleksander Pod smrekami 10<\/p>\n<p>KURNIK Mirko Pod smrekami 11<\/p>\n<p>SITAR Bo\u017eo Pod smrekami 12<\/p>\n<p>MIKEK Andrej Pod smrekami 14<\/p>\n<p>\u017dOHAR Ivan Pod smrekami 15<\/p>\n<p>PANI\u010c Franc Pod smrekami 16<\/p>\n<p>VASLE Milan Pod smrekami 17<\/p>\n<p>RAKU\u0160A Mitja Pod smrekami 18<\/p>\n<p>&nbsp;<\/p>\n<p><a href=\"http:\/\/sipro.si\/wp-content\/uploads\/2025\/08\/Letno-porocilo-o-porabi-toplotne-energije-TO-12-2024-2025.pdf\">Letno poro\u010dilo o porabi toplotne energije TO 12 2024-2025<\/a><\/p>\n<p>&nbsp;<\/p>\n<p><a href=\"http:\/\/sipro.si\/wp-content\/uploads\/2026\/03\/izvlecek-38.-seja.pdf\">izvle\u010dek 38. seja<\/a><\/p>\n<p><a href=\"http:\/\/sipro.si\/wp-content\/uploads\/2024\/08\/Izvlecek-37.-seje.pdf\">Izvle\u010dek 37. seje<\/a><\/p>\n<p><a href=\"http:\/\/sipro.si\/wp-content\/uploads\/2024\/08\/Izvlecek-36.-seje.pdf\">Izvle\u010dek 36. seje<\/a><\/p>\n<p><a href=\"http:\/\/sipro.si\/wp-content\/uploads\/2024\/08\/Izvlecek-35.-seje.pdf\">Izvle\u010dek 35. seje<\/a><\/p>\n<p>&nbsp;<\/p>\n","protected":false},"excerpt":{"rendered":"<p>Kurilni odbor Pod smrekami 10-18 \u010clani Kurilnega odbora Pod smrekami 10 &#8211; 18 DOLER Aleksander Pod smrekami 10 KURNIK Mirko Pod smrekami 11 SITAR Bo\u017eo Pod smrekami 12 MIKEK Andrej Pod smrekami 14 \u017dOHAR Ivan Pod smrekami 15 PANI\u010c Franc<\/p>\n","protected":false},"author":1,"featured_media":0,"parent":46,"menu_order":0,"comment_status":"closed","ping_status":"closed","template":"","meta":[],"_links":{"self":[{"href":"https:\/\/sipro.si\/sl\/wp-json\/wp\/v2\/pages\/509"}],"collection":[{"href":"https:\/\/sipro.si\/sl\/wp-json\/wp\/v2\/pages"}],"about":[{"href":"https:\/\/sipro.si\/sl\/wp-json\/wp\/v2\/types\/page"}],"author":[{"embeddable":true,"href":"https:\/\/sipro.si\/sl\/wp-json\/wp\/v2\/users\/1"}],"replies":[{"embeddable":true,"href":"https:\/\/sipro.si\/sl\/wp-json\/wp\/v2\/comments?post=509"}],"version-history":[{"count":12,"href":"https:\/\/sipro.si\/sl\/wp-json\/wp\/v2\/pages\/509\/revisions"}],"predecessor-version":[{"id":1490,"href":"https:\/\/sipro.si\/sl\/wp-json\/wp\/v2\/pages\/509\/revisions\/1490"}],"up":[{"embeddable":true,"href":"https:\/\/sipro.si\/sl\/wp-json\/wp\/v2\/pages\/46"}],"wp:attachment":[{"href":"https:\/\/sipro.si\/sl\/wp-json\/wp\/v2\/media?parent=509"}],"curies":[{"name":"wp","href":"https:\/\/api.w.org\/{rel}","templated":true}]}}