{"id":507,"date":"2016-07-14T12:08:35","date_gmt":"2016-07-14T12:08:35","guid":{"rendered":"http:\/\/sipro.si\/?page_id=507"},"modified":"2026-03-25T14:50:33","modified_gmt":"2026-03-25T13:50:33","slug":"kurilni-odbor-polzela","status":"publish","type":"page","link":"https:\/\/sipro.si\/sl\/toplotna-oskrba\/kurilni-odbor-polzela\/","title":{"rendered":"Kurilni odbor Polzela"},"content":{"rendered":"<p>Kurilni odbor Polzela<\/p>\n<p><span style=\"text-decoration: underline;\">\u010clani Kurilnega odbora Polzela: <\/span><\/p>\n<p>SLAPERNIK Aleksander &#8211; Glavni trg 49<\/p>\n<p>PALIR Bernard\u00a0&#8211; Glavni trg 49<\/p>\n<p>PRISLAN JO\u017dE &#8211; Glavni trg 55<\/p>\n<p>KON\u0160EK FRANC &#8211; Glavni trg 10<\/p>\n<p>BAH\u010c BOJAN &#8211; Glavni trg 27<\/p>\n<p>DERNOV\u0160EK MARIJA &#8211; Glavni trg 11<\/p>\n<p>KOLMAN Denis &#8211; Glavni trg 25<\/p>\n<p>LUKNER ZORAN &#8211; Glavni trg 23<\/p>\n<p>RIZMAL FRANC &#8211; Glavni trg 53<\/p>\n<p>PETER ZAPU\u0160EK &#8211; Glavni trg 29<\/p>\n<p>HRIBAR Klemen &#8211; Glavni trg 51<\/p>\n<p>ALJA\u017d HRUSTL &#8211; Glavni trg 45<\/p>\n<p>&nbsp;<\/p>\n<p><a href=\"http:\/\/sipro.si\/wp-content\/uploads\/2025\/08\/Letno-porocilo-o-porabi-toplotne-energije-TO-08-2024-2025.pdf\">Letno poro\u010dilo o porabi toplotne energije TO 08 2024-2025<\/a><\/p>\n<p>&nbsp;<\/p>\n<p><a href=\"http:\/\/sipro.si\/wp-content\/uploads\/2026\/03\/izvlecek-36.-seje.pdf\">izvle\u010dek 36. seje<\/a><\/p>\n<p><a href=\"http:\/\/sipro.si\/wp-content\/uploads\/2024\/08\/izvlecek-35.-seja.pdf\">izvle\u010dek 35. seja<\/a><\/p>\n<p><a href=\"http:\/\/sipro.si\/wp-content\/uploads\/2024\/08\/izvlecek-34.-seja.pdf\">izvle\u010dek 34. seja<\/a><\/p>\n<p><a href=\"http:\/\/sipro.si\/wp-content\/uploads\/2024\/08\/izvlecek-33.-seje.pdf\">izvle\u010dek 33. seje<\/a><\/p>\n","protected":false},"excerpt":{"rendered":"<p>Kurilni odbor Polzela \u010clani Kurilnega odbora Polzela: SLAPERNIK Aleksander &#8211; Glavni trg 49 PALIR Bernard\u00a0&#8211; Glavni trg 49 PRISLAN JO\u017dE &#8211; Glavni trg 55 KON\u0160EK FRANC &#8211; Glavni trg 10 BAH\u010c BOJAN &#8211; Glavni trg 27 DERNOV\u0160EK MARIJA &#8211; Glavni<\/p>\n","protected":false},"author":1,"featured_media":0,"parent":46,"menu_order":0,"comment_status":"closed","ping_status":"closed","template":"","meta":[],"_links":{"self":[{"href":"https:\/\/sipro.si\/sl\/wp-json\/wp\/v2\/pages\/507"}],"collection":[{"href":"https:\/\/sipro.si\/sl\/wp-json\/wp\/v2\/pages"}],"about":[{"href":"https:\/\/sipro.si\/sl\/wp-json\/wp\/v2\/types\/page"}],"author":[{"embeddable":true,"href":"https:\/\/sipro.si\/sl\/wp-json\/wp\/v2\/users\/1"}],"replies":[{"embeddable":true,"href":"https:\/\/sipro.si\/sl\/wp-json\/wp\/v2\/comments?post=507"}],"version-history":[{"count":17,"href":"https:\/\/sipro.si\/sl\/wp-json\/wp\/v2\/pages\/507\/revisions"}],"predecessor-version":[{"id":1488,"href":"https:\/\/sipro.si\/sl\/wp-json\/wp\/v2\/pages\/507\/revisions\/1488"}],"up":[{"embeddable":true,"href":"https:\/\/sipro.si\/sl\/wp-json\/wp\/v2\/pages\/46"}],"wp:attachment":[{"href":"https:\/\/sipro.si\/sl\/wp-json\/wp\/v2\/media?parent=507"}],"curies":[{"name":"wp","href":"https:\/\/api.w.org\/{rel}","templated":true}]}}