{"id":505,"date":"2023-07-07T12:08:04","date_gmt":"2023-07-07T11:08:04","guid":{"rendered":"http:\/\/sipro.si\/?page_id=505"},"modified":"2026-03-25T14:36:22","modified_gmt":"2026-03-25T13:36:22","slug":"kurilni-odbor-zalec","status":"publish","type":"page","link":"https:\/\/sipro.si\/sl\/toplotna-oskrba\/kurilni-odbor-zalec\/","title":{"rendered":"Kurilni odbor \u017dalec"},"content":{"rendered":"<p>&nbsp;<\/p>\n<table style=\"height: 1072px;\" width=\"700\" cellspacing=\"0\" cellpadding=\"7\">\n<tbody>\n<tr valign=\"TOP\">\n<td bgcolor=\"#ffd203\" width=\"28\"><\/td>\n<td bgcolor=\"#ffd203\" width=\"157\">\n<p lang=\"sl-SI\">Priimek\u00a0in ime \u010dlana<\/p>\n<\/td>\n<td bgcolor=\"#ffd203\" width=\"222\">\n<p lang=\"sl-SI\">Zastopa\u00a0interese lastnikov:<\/p>\n<\/td>\n<td bgcolor=\"#ffd203\" width=\"109\">\n<p lang=\"sl-SI\" align=\"CENTER\">Kontakt<\/p>\n<\/td>\n<\/tr>\n<tr valign=\"TOP\">\n<td width=\"28\">\n<p lang=\"sl-SI\">1.<\/p>\n<\/td>\n<td width=\"157\">ROJNIK Vlado<\/td>\n<td width=\"222\">\n<p lang=\"sl-SI\">\u010copova\u00a01 \u2013 6<\/p>\n<\/td>\n<td width=\"109\">\u00a0\/<\/td>\n<\/tr>\n<tr valign=\"TOP\">\n<td width=\"28\"><span lang=\"sl-SI\">2.<\/span><\/td>\n<td width=\"157\">\n<p lang=\"sl-SI\">\u0160PAJZER Andreja<\/p>\n<\/td>\n<td width=\"222\">\n<p lang=\"sl-SI\">I. in II. Osnovna \u0161ola \u017dalec<\/p>\n<\/td>\n<td width=\"109\">\n<p lang=\"sl-SI\" align=\"CENTER\">03 713 24 22<\/p>\n<p align=\"CENTER\">(I. O\u0160\u00a0\u017dalec)<\/p>\n<\/td>\n<\/tr>\n<tr valign=\"TOP\">\n<td width=\"28\">\n<p lang=\"sl-SI\">3.<\/p>\n<\/td>\n<td width=\"157\">\n<p lang=\"sl-SI\">SOFTI\u0106 Ned\u017ead<\/p>\n<\/td>\n<td width=\"222\">\n<p lang=\"sl-SI\">Heroja\u00a0Staneta 2 &#8211; 7<\/p>\n<\/td>\n<td width=\"109\">\n<p lang=\"sl-SI\" align=\"CENTER\">031 231 279<\/p>\n<\/td>\n<\/tr>\n<tr valign=\"TOP\">\n<td width=\"28\">\n<p lang=\"sl-SI\">4.<\/p>\n<\/td>\n<td width=\"157\">\n<p lang=\"sl-SI\">\u0160VALJEK Vjekoslav<\/p>\n<\/td>\n<td width=\"222\">\n<p lang=\"sl-SI\">Bevkova\u00a05 &#8211; 12<\/p>\n<p lang=\"sl-SI\">Arni\u010deva 2, 4<\/p>\n<p lang=\"sl-SI\">Kidri\u010deva 11<\/p>\n<\/td>\n<td width=\"109\">\n<p lang=\"sl-SI\" align=\"CENTER\">040 817 509<\/p>\n<\/td>\n<\/tr>\n<tr valign=\"TOP\">\n<td width=\"28\"><span lang=\"sl-SI\">5.<\/span><\/td>\n<td width=\"157\">\n<p lang=\"sl-SI\">KOBAL\u00a0\u0160ORLI Petra<\/p>\n<\/td>\n<td width=\"222\">\n<p lang=\"sl-SI\">Stanovanja\u00a0in poslovni prostori v ve\u010dstanovanjskih zgradba, last Ob\u010dine\u00a0\u017dalec<\/p>\n<\/td>\n<td width=\"109\">\n<p lang=\"sl-SI\" align=\"CENTER\">03 713 64 74<\/p>\n<p lang=\"sl-SI\" align=\"CENTER\">(Ob\u010dina\u00a0\u017dalec)<\/p>\n<\/td>\n<\/tr>\n<tr valign=\"TOP\">\n<td width=\"28\"><span lang=\"sl-SI\">6.<\/span><\/td>\n<td width=\"157\">\n<p lang=\"sl-SI\">STARI\u010c\u00a0\u017dIKI\u010c Natalija<\/p>\n<\/td>\n<td width=\"222\">\n<p lang=\"sl-SI\">Vrtci\u00a0Ob\u010dine \u017dalec<\/p>\n<\/td>\n<td width=\"109\">\n<p align=\"CENTER\"><span lang=\"sl-SI\">03\u00a0713 14 66\u00a0<\/span><\/p>\n<p align=\"CENTER\">(Vrtci\u00a0O\u017d)<\/p>\n<\/td>\n<\/tr>\n<tr valign=\"TOP\">\n<td width=\"28\"><span lang=\"sl-SI\">7.<\/span><\/td>\n<td width=\"157\">\n<p lang=\"sl-SI\">CIMERMAN\u00a0Tilen<\/p>\n<\/td>\n<td width=\"222\">\n<p lang=\"sl-SI\">Florjana\u00a0Pohlina 1 \u2013 4<\/p>\n<p lang=\"sl-SI\">Bratov\u00a0Letonja 1 \u2013 3<\/p>\n<\/td>\n<td width=\"109\">\n<p lang=\"sl-SI\" align=\"CENTER\">041\u00a0481 184<\/p>\n<\/td>\n<\/tr>\n<tr valign=\"TOP\">\n<td width=\"28\"><span lang=\"sl-SI\">8.<\/span><\/td>\n<td width=\"157\">\n<p lang=\"sl-SI\">KUGLER\u00a0Zvonimir<\/p>\n<\/td>\n<td width=\"222\">\n<p lang=\"sl-SI\">Kidri\u010deva\u00a01 \u2013 7<\/p>\n<p lang=\"sl-SI\">Pre\u017eihova\u00a01, 3, 5<\/p>\n<p lang=\"sl-SI\">Tom\u0161i\u010deva\u00a01, 1a<\/p>\n<\/td>\n<td width=\"109\">\n<p lang=\"sl-SI\" align=\"CENTER\">041 562 663<\/p>\n<\/td>\n<\/tr>\n<tr valign=\"TOP\">\n<td width=\"28\"><span lang=\"sl-SI\">9.<\/span><\/td>\n<td width=\"157\">\n<p lang=\"sl-SI\">KOSI Stanislav<\/p>\n<\/td>\n<td width=\"222\">\n<p lang=\"sl-SI\">Mestni\u00a0trg 2 \u2013 7<\/p>\n<p lang=\"sl-SI\">A\u0161ker\u010deva\u00a01, 3<\/p>\n<\/td>\n<td width=\"109\">\n<p lang=\"sl-SI\" align=\"CENTER\">040 726 251<\/p>\n<p lang=\"sl-SI\" align=\"CENTER\">\n<\/td>\n<\/tr>\n<\/tbody>\n<\/table>\n<p><strong>Letno poro\u010dilo o porabi toplotne energije:<\/strong><\/p>\n<p><a href=\"http:\/\/sipro.si\/wp-content\/uploads\/2025\/08\/Letno-porocilo-o-porabi-toplotne-energije-TO-01-2024-2025.pdf\">Letno poro\u010dilo o porabi toplotne energije TO 01 2024-2025<\/a><\/p>\n<p>&nbsp;<\/p>\n<p><a href=\"http:\/\/sipro.si\/wp-content\/uploads\/2026\/03\/izvlecek-77.-seje-KO-Zalec.pdf\">izvle\u010dek 77. seje KO \u017dalec<\/a><\/p>\n<p><a href=\"http:\/\/sipro.si\/wp-content\/uploads\/2024\/08\/izvlecek-76.-seje.pdf\">izvle\u010dek 76. seje<\/a><\/p>\n<p><a href=\"http:\/\/sipro.si\/wp-content\/uploads\/2024\/08\/izvlecek-75.-seje-1.pdf\">izvle\u010dek 75. seje<\/a><\/p>\n<p><a href=\"http:\/\/sipro.si\/wp-content\/uploads\/2024\/08\/izvlecek-74.-seje.pdf\">izvle\u010dek 74. seje<\/a><\/p>\n<p>&nbsp;<\/p>\n<p>&nbsp;<\/p>\n<p>&nbsp;<\/p>\n<p>&nbsp;<\/p>\n","protected":false},"excerpt":{"rendered":"<p>&nbsp; Priimek\u00a0in ime \u010dlana Zastopa\u00a0interese lastnikov: Kontakt 1. ROJNIK Vlado \u010copova\u00a01 \u2013 6 \u00a0\/ 2. \u0160PAJZER Andreja I. in II. Osnovna \u0161ola \u017dalec 03 713 24 22 (I. O\u0160\u00a0\u017dalec) 3. SOFTI\u0106 Ned\u017ead Heroja\u00a0Staneta 2 &#8211; 7 031 231 279 4.<\/p>\n","protected":false},"author":1,"featured_media":0,"parent":46,"menu_order":0,"comment_status":"closed","ping_status":"closed","template":"","meta":[],"_links":{"self":[{"href":"https:\/\/sipro.si\/sl\/wp-json\/wp\/v2\/pages\/505"}],"collection":[{"href":"https:\/\/sipro.si\/sl\/wp-json\/wp\/v2\/pages"}],"about":[{"href":"https:\/\/sipro.si\/sl\/wp-json\/wp\/v2\/types\/page"}],"author":[{"embeddable":true,"href":"https:\/\/sipro.si\/sl\/wp-json\/wp\/v2\/users\/1"}],"replies":[{"embeddable":true,"href":"https:\/\/sipro.si\/sl\/wp-json\/wp\/v2\/comments?post=505"}],"version-history":[{"count":44,"href":"https:\/\/sipro.si\/sl\/wp-json\/wp\/v2\/pages\/505\/revisions"}],"predecessor-version":[{"id":1484,"href":"https:\/\/sipro.si\/sl\/wp-json\/wp\/v2\/pages\/505\/revisions\/1484"}],"up":[{"embeddable":true,"href":"https:\/\/sipro.si\/sl\/wp-json\/wp\/v2\/pages\/46"}],"wp:attachment":[{"href":"https:\/\/sipro.si\/sl\/wp-json\/wp\/v2\/media?parent=505"}],"curies":[{"name":"wp","href":"https:\/\/api.w.org\/{rel}","templated":true}]}}