{"id":46,"date":"2015-06-30T07:21:13","date_gmt":"2015-06-30T07:21:13","guid":{"rendered":"http:\/\/sipro.si\/?page_id=46"},"modified":"2022-04-22T08:56:18","modified_gmt":"2022-04-22T07:56:18","slug":"toplotna-oskrba","status":"publish","type":"page","link":"https:\/\/sipro.si\/sl\/toplotna-oskrba\/","title":{"rendered":"Energetika"},"content":{"rendered":"<p>Podjetje SIPRO, d.o.o, \u017dalec, upravlja s toplovodnimi sistemi v mestu \u017dalec in krajih Polzela, Kasaze, Mozirje, Petrov\u010de ter \u0160empeter.<\/p>\n<p>Vedno i\u0161\u010demo nove tehnologije in na\u010dine proizvodnje toplotne energije, ki bi uporabnikom omogo\u010dili nemoteno in cenovno ugodno ogrevanje bivalnih prostorov.<\/p>\n<h1>MESTO \u017dALEC<\/h1>\n<p><strong>SPLO\u0160NO <\/strong><br \/>\nNa\u0161e podjetje je v kurilni sezoni 1993\/94 prevzelo v upravljanje toplovodni sistem od takratnega Komunalnega podjetja p.o. \u017dalec. Toplovodno razvodno omre\u017eje do vseh uporabnikov, kakor tudi sama kotlovnica, sta bila v zelo slabem stanju.<\/p>\n<p>Tako smo v I. fazi pri\u010deli s ceno ogrevanja zagotavljati sredstva za popravilo obstoje\u010dega sistema. V II. fazi smo si zadali nalogo, da vse uporabnike (toplotne postaje) pove\u017eemo preko ra\u010dunalni\u0161ke mre\u017ee s centralno kotlovnico.<\/p>\n<p><strong>KOTLARNA <\/strong><br \/>\nV ogrevalni sezoni 1993\/1994 in naprej je obratovala samo kotlarna K1 na lahko kurilno olje z in\u0161talirano mo\u010djo 7,5 MW. Ta je oskrbovala s toplotno energijo vse uporabnike, ki so priklju\u010deni na toplovodno omre\u017eje, s skupno in\u0161talirano priklju\u010dno mo\u010djo 11,32 MW.<\/p>\n<p>V kurilni sezoni 2000\/2001 smo se s kurilnim odborom mesta \u017dalec odlo\u010dil za zamenjavo energenta in sicer iz ekstra lahkega kurilnega olja na plin.<\/p>\n<p><strong>RAZVODNO OMRE\u017dJE <\/strong><\/p>\n<p>Toplovodno razvodno omre\u017eje je v zasnovi lo\u010deno med kotlarnama K1 in K2. Kasneje je bila izdelana povezava med kotlarnama, ki je realizirana s cevovodom 2 x MO 150. S to povezavo je omogo\u010dena nemotena oskrba porabnikov toplotne energije iz obeh kotlarn.<\/p>\n<p>Povpre\u010dna obratovalna doba ob normalnem vzdr\u017eevanju za kinete se ra\u010duna 30 &#8211; 50 let. Toplovod, ki je bil polo\u017een v &#8220;kelit&#8221; izvedbi, se postopoma obnovi in izdela v klasi\u010dni izvedbi, saj se je v praksi pokazalo, da je obratovalna doba bistveno kraj\u0161a.<\/p>\n<p><strong>TOPLOTNE PREDAJNE POSTAJE <\/strong><\/p>\n<p>Temperatura toplotnega sistema mesta \u017dalec se v osnovi krmili centralno v kotlarni, lokalno pa po toplotnih predajnih postajah, ki so po zgradbah.<br \/>\nNa ta na\u010din se potro\u0161nja toplotne energije dejansko prilagodi vsakemu potro\u0161niku.<\/p>\n<h2><strong>CENTRALNO VODEN TOPLOVODNI SISTEM OGREVANJA &#8211; RAZVOJ <\/strong><\/h2>\n<p>&nbsp;<\/p>\n<p>Glede na to, da je prihajalo in \u0161e vedno prihaja do novih povi\u0161anj cen energije, smo si zadali nalogo, da zmanj\u0161amo porabo ekstra lahkega kurilnega olja ali plina in hkrati ohranimo ali zvi\u0161amo kvaliteto ogrevanja stanovanj. Po zbranih informacijah in ogledih manj\u0161ih vodenih sistemov ogrevanja v Ptuju in v Velenju, smo se v preteklosti odlo\u010dili, da se v mestu \u017dalec opremi kotlarno in toplotne postaje z novej\u0161o avtomatiko ter se pove\u017ee s centralno kotlovnico. Z izdelavo ra\u010dunalni\u0161kega vodenja toplotne energije se je bistveno zmanj\u0161ala poraba lahkega kurilnega olja in kasneje tudi plina. S to idejo smo seznanili \u010dlane kurilnega odbora mesta \u017dalec, ki \u0161teje 9 \u010dlanov. Le-ti so se strinjali, da podjetje SIPRO, d.o.o., \u017dalec pridobi tri ponudbe za krmiljenje in nadzor kotlovnice ter toplotnih postaj. Kot najugodnej\u0161i ponudnik za izvajanje centralno vodenega sistema je bil izbran Kovintrade Celje &#8211; zunanja trgovina. Sredstva za zagotovitev projekta so bila zagotovljena v fiksnem delu cene ogrevanja, od leta 1995 dalje. V skladu s prilivi finan\u010dnih sredstev se je tako po fazah izvajal projekt daljinskega krmiljenja toplotne energije.<br \/>\nTakoj po monta\u017ei daljinskega krmiljenja se je pokazal prihranek ekstra lahkega kurilnega olja, to pa pomeni, da smo z monta\u017eo nove avtomatike dosegli optimalno racionalno rabo lahkega kurilnega olja. Pripombe uporabnikov glede kvalitete gretja so se zmanj\u0161ale. Zgradbe tako ob ekstremnih spremembah zunanjih temperatur niso bile ve\u010d podhlajene oziroma pregrete. Z izgradnjo centralno vodenega sistema ogrevanja s strani uporabnikov prakti\u010dno ni ve\u010d reklamacij glede kvalitete ogrevanja.<\/p>\n<p>Zaradi visokih cen naftnih derivatov, smo tako v kurilni sezoni 2001\/2002 pre\u0161li na nov energent, na zemeljski plin. S tem so se cene ogrevanja za mesto \u017dalec \u0161e ob\u010dutno zni\u017eale.<\/p>\n<p>Z uvedbo ra\u010dunalni\u0161ko vodenega centralnega sistema ogrevanja smo dosegli optimalne rezultate vseh zastavljenih ciljev razvoja. Prihranki pri porabi plina so \u0161e mo\u017eni, vendar je potrebno s strani lastnikov vlo\u017eiti sredstva v tesnjenje oziroma zamenjavo oken in izdelavo toplotno za\u0161\u010ditnih fasad na stanovanjskih zgradbah.<\/p>\n<p><strong>CILJI RAZVOJA <\/strong><\/p>\n<ol>\n<li>Zmanj\u0161anje porabe kurilnega olja.<\/li>\n<li>Doseganje kvalitetnej\u0161e oskrbe uporabnikov s toplotno energijo.<\/li>\n<li>Hitro odkrivanje in odpravljanje napak pri ogrevanju.<\/li>\n<li>Cenej\u0161e ogrevanje.<\/li>\n<li>Skrb za okolje, v katerem so locirane kotlarne.<\/li>\n<\/ol>\n<h1>OSTALI KRAJI<\/h1>\n<p><strong>POLZELA <\/strong><br \/>\nV kraju Polzeli upravljamo s centralno kotlovnico, na katero je priklju\u010deno enajst stanovanjskih zgradb in zdravstveni dom. Skupna ogrevalna povr\u0161ina zna\u0161a 11.032 m<sup>2<\/sup>. Uporabniki so povezani s centralno kotlovnico s toplovodnim razvodnim omre\u017ejem. Ceno ogrevanja, vzdr\u017eevanja naprav in re\u017eim kurjenja dolo\u010da dvanajst \u010dlanov kurilnega odbora. Kurilni odbor je imenovan s strani uporabnikov, iz vsake zgradbe po en predstavnik. In\u0161talirana mo\u010d kotlovnice je 1.74 MW. Kot v mestu \u017dalec, se je kraj Polzela odlo\u010dil na zamenjavo energenta. Tako so leta 2006 za\u010deli s preureditvijo kotlovnice. Zemeljski plin je bil aktiviran v kurilni sezoni 2006\/2007.<\/p>\n<p>V leto\u0161njem letu se je za\u010dela zidati nova ve\u010dstanovanjska zgradba, ki se bo tudi priklju\u010dila na omenjeno centralno kotlovnico.<\/p>\n<p><strong>\u0160EMPETER<\/strong><\/p>\n<p>V kraju \u0160empeter upravljamo s centralno kotlovnico, s katero ogrevamo 6.411 m<sup>2<\/sup>. V letu 2005 smo izvedli predelavo kotlovnice iz kurilnega olja na zemeljski plin. Sredstva za zagotovitev obnove kotlovnice so prispevali lastniki stanovanj.<\/p>\n<p><strong>KASAZE <\/strong><br \/>\nV naselju Kasaze upravljamo z dvema kotlovnicama. Energent je ekstra lahko kurilno olje. Prva kotlovnica, z mo\u010djo 0,34 MW in je locirana v stanovanjski zgradbi Kasaze 105\/a. Na omenjeno kotlovnico je \u0161e priklju\u010dena stanovanjska zgradba Kasaze 105. Skupna ogrevalna povr\u0161ina zna\u0161a 1.568 m<sup>2<\/sup>.<\/p>\n<p>Druga kotlovnica je locirana v stanovanjski zgradbi Kasaze 109. Iz te kotlovnice se grejejo stanovanja v stanovanjski zgradbi Kasaze 111, 110. Skupna ogrevalna povr\u0161ina zna\u0161a 2.413 m<sup>2<\/sup>.<\/p>\n<p><strong>PETROV\u010cE <\/strong><br \/>\nV naselju Dobri\u0161a vas v Krajevni skupnosti Petrov\u010de upravljamo z eno kotlovnico. Kotlovnica je locirana v stanovanjski zgradbi Dobri\u0161a vas 3\/a. Iz te kotlovnice oskrbujemo s toplotno energijo \u0161e stanovanja v stanovanjski zgradbi Dobri\u0161a vas 3\/b. Skupna ogrevalna povr\u0161ina zna\u0161a 1.437 m<sup>2<\/sup>. In\u0161talirana mo\u010d kotla je 0,35 MW.<\/p>\n<p>Vse kotlovnice so opremljene z ustrezno avtomatiko. Z na\u0161e strani izvajamo dnevni nadzor delovanja naprav v kotlovnicah (dopoldan in popoldan). Na \u017eeljo strank smo na mobilni \u0161tevilki dosegljivi 24 ur na dan, saj ima vodja toplotne oskrbe telefon vedno pri sebi. Redne servise in morebitne okvare urejamo pogodbeno s kooperanti.<\/p>","protected":false},"excerpt":{"rendered":"<p>Podjetje SIPRO, d.o.o, \u017dalec, upravlja s toplovodnimi sistemi v mestu \u017dalec in krajih Polzela, Kasaze, Mozirje, Petrov\u010de ter \u0160empeter. Vedno i\u0161\u010demo nove tehnologije in na\u010dine proizvodnje toplotne energije, ki bi uporabnikom omogo\u010dili nemoteno in cenovno ugodno ogrevanje bivalnih prostorov.<\/p>\n","protected":false},"author":1,"featured_media":380,"parent":0,"menu_order":0,"comment_status":"closed","ping_status":"closed","template":"page-templates\/contact.php","meta":[],"_links":{"self":[{"href":"https:\/\/sipro.si\/sl\/wp-json\/wp\/v2\/pages\/46"}],"collection":[{"href":"https:\/\/sipro.si\/sl\/wp-json\/wp\/v2\/pages"}],"about":[{"href":"https:\/\/sipro.si\/sl\/wp-json\/wp\/v2\/types\/page"}],"author":[{"embeddable":true,"href":"https:\/\/sipro.si\/sl\/wp-json\/wp\/v2\/users\/1"}],"replies":[{"embeddable":true,"href":"https:\/\/sipro.si\/sl\/wp-json\/wp\/v2\/comments?post=46"}],"version-history":[{"count":13,"href":"https:\/\/sipro.si\/sl\/wp-json\/wp\/v2\/pages\/46\/revisions"}],"predecessor-version":[{"id":1199,"href":"https:\/\/sipro.si\/sl\/wp-json\/wp\/v2\/pages\/46\/revisions\/1199"}],"wp:featuredmedia":[{"embeddable":true,"href":"https:\/\/sipro.si\/sl\/wp-json\/wp\/v2\/media\/380"}],"wp:attachment":[{"href":"https:\/\/sipro.si\/sl\/wp-json\/wp\/v2\/media?parent=46"}],"curies":[{"name":"wp","href":"https:\/\/api.w.org\/{rel}","templated":true}]}}