{"id":377,"date":"2016-02-26T09:41:32","date_gmt":"2016-02-26T09:41:32","guid":{"rendered":"http:\/\/sipro.si\/?page_id=377"},"modified":"2016-10-03T07:13:29","modified_gmt":"2016-10-03T07:13:29","slug":"prednost","status":"publish","type":"page","link":"https:\/\/sipro.si\/sl\/o-podjetju-2\/prednost\/","title":{"rendered":"Prednost"},"content":{"rendered":"<p><strong><u>Obrazlo\u017eitev:<\/u><\/strong><\/p>\n<p>Namen tak\u0161ne primerjave je v tem, da opozorimo lastnike stanovanj na upravnike, ki v eni osebi zdru\u017eujejo znanja iz gradbeni\u0161tva, pravne storitve in finan\u010dne storitve.<\/p>\n<p>Obi\u010dajno so tak\u0161na podjetja registrirana kot samostojni podjetniki ali pa so dru\u017einska podjetja z najve\u010d tremi zaposlenimi. Tak\u0161na podjetja ponujajo storitve po ni\u017eji ceni samo zato, da pridobijo lastnike stanovanj.<\/p>\n<p>Ker pa tak\u0161na podjetja s tako nizkimi stro\u0161ki ne morejo poslovati, morajo pri vsaki storitvi (ki jo opravijo njihovi kooperanti) \u0161e zara\u010dunati 3 do 5% provizijo, s \u010dimer pa lastniki stanovanj obi\u010dajno niso seznanjeni.<\/p>\n<p>Glede na tak\u0161na dejstva imamo namen, da vsem lastnikom stanovanj prika\u017eemo prednosti podjetja SIPRO v primerjavi s podjetniki, ki zaposlujejo enega ali dva delavca.<\/p>\n<p><u>Tak\u0161ne prednosti so:<\/u><\/p>\n<ol>\n<li><strong>Dolgoletna tradicija in poznavanje stanovanjske problematike.<\/strong><\/li>\n<\/ol>\n<p>Vsa manj\u0161a podjetja so bila ustanovljena po letu 1992 in so pri\u010dela s poslovanjem brez predhodnega znanja.<\/p>\n<ol start=\"2\">\n<li><strong>Finan\u010dna stabilnost podjetja (solastni\u0161tvo Ob\u010dina \u017dalec).<\/strong><\/li>\n<\/ol>\n<p>Zaradi majhnega obsega poslovanja in razli\u010dnih interesov je mo\u017ena zloraba lastnikov stanovanj (poberejo finan\u010dna sredstva in prenehajo poslovati).<\/p>\n<ol start=\"3\">\n<li><strong>Sodobna ra\u010dunalni\u0161ka podpora pri poslovanju podjetja.<\/strong><\/li>\n<\/ol>\n<p>Podjetje SIPRO je samo razvijalo ra\u010dunalni\u0161ki program in popolnoma ustreza potrebam podjetja. Manj\u0161a podjetja obi\u010dajno kupujejo programe, ki so obi\u010dajno nedodelani in nimajo mo\u017enosti, da jih spreminjajo.<\/p>\n<ol start=\"4\">\n<li><strong>Stalna intervencijska slu\u017eba v dogovoru s kooperanti, kar pri manj\u0161ih upravnikih ni mo\u017eno izvesti. Dnevno re\u0161evanje intervencij.<\/strong><\/li>\n<\/ol>\n<p>Manj\u0161a podjetja zaradi premalega obsega poslovanja te\u017eko organizirajo stalno intervencijsko servisno slu\u017ebo, ki bi kvalitetno opravljala svoje delo.<\/p>\n<ol start=\"5\">\n<li><strong>Brezpla\u010dna pravna pomo\u010d za stanovanjsko problematiko.<\/strong><\/li>\n<\/ol>\n<p>Ve\u010dina stanovanjskih podjetij, sploh pa manj\u0161a podjetja nimajo organizirane pravne slu\u017ebe.<\/p>\n<ol start=\"6\">\n<li><strong>Dajanje brezpla\u010dnega kratkoro\u010dnega kredita za ve\u010dja vzdr\u017eevalna dela.<\/strong><\/li>\n<\/ol>\n<p>Glede na finan\u010dno mo\u010d mala podjetja niso sposobna dajati kratkoro\u010dnih premostitvenih kreditov, je pa ve\u010dja mo\u017enost zlorabe lastnikov stanovanj.<\/p>\n<ol start=\"7\">\n<li><strong>Dajanje vseh informacij za vsak stanovanjski objekt v \u010dasu poslovanja podjetja (pismeno, po telefonu ali ustmeno).<\/strong><\/li>\n<\/ol>\n<p>Manj\u0161a podjetja te\u017eko pokrivajo delo na terenu in v pisarni, zato je manj mo\u017enosti za stalno dajanje informacij.<\/p>\n<ol start=\"8\">\n<li><strong>Podjetje je podpisnik kodeksa dobrih poslovnih obi\u010dajev.<\/strong><\/li>\n<\/ol>\n<p>Redki mali podjetniki so podpisniki kodeksa.<\/p>\n<ol start=\"9\">\n<li><strong>Neprestano sodelovanje in dogovarjanje z lastniki (predstavniki lastnikov).<\/strong><\/li>\n<\/ol>\n<p>Vsako leto, vsaj enkrat, na vsakem objektu organiziramo sestanek z lastniki.<\/p>\n<ol start=\"10\">\n<li><strong>Neprestano izobra\u017eevanje zaposlenih za potrebe stanovanjskega gospodarstva.<\/strong><\/li>\n<\/ol>\n<p>Na\u0161 moto je \u2013 ve\u010d zna\u0161, ve\u010d velja\u0161 \u2013 zato neprestano izobra\u017eujemo kadre.<\/p>\n<ol start=\"11\">\n<li><strong>Mo\u017enost, da lastniki pri upravniku SIPRO namensko zbirajo sredstva za njihov stanovanjski objekt. Zbrana sredstva se ob koncu leta obrestujejo.\u00a0 <\/strong><\/li>\n<\/ol>\n<p>Gre za vzajemno sodelovanje med upravnikom in lastniki stanovanj v ob\u010dini \u017dalec. Ve\u010dina lastnikov namensko zbira sredstva za vzdr\u017eevanje stanovanj, \u010desar mali podjetniki ne po\u010dnejo ali pa zelo redko.<\/p>","protected":false},"excerpt":{"rendered":"<p>Obrazlo\u017eitev: Namen tak\u0161ne primerjave je v tem, da opozorimo lastnike stanovanj na upravnike, ki v eni osebi zdru\u017eujejo znanja iz gradbeni\u0161tva, pravne storitve in finan\u010dne storitve. Obi\u010dajno so tak\u0161na podjetja registrirana kot samostojni podjetniki ali pa so dru\u017einska podjetja z<\/p>\n","protected":false},"author":1,"featured_media":0,"parent":53,"menu_order":0,"comment_status":"closed","ping_status":"closed","template":"","meta":[],"_links":{"self":[{"href":"https:\/\/sipro.si\/sl\/wp-json\/wp\/v2\/pages\/377"}],"collection":[{"href":"https:\/\/sipro.si\/sl\/wp-json\/wp\/v2\/pages"}],"about":[{"href":"https:\/\/sipro.si\/sl\/wp-json\/wp\/v2\/types\/page"}],"author":[{"embeddable":true,"href":"https:\/\/sipro.si\/sl\/wp-json\/wp\/v2\/users\/1"}],"replies":[{"embeddable":true,"href":"https:\/\/sipro.si\/sl\/wp-json\/wp\/v2\/comments?post=377"}],"version-history":[{"count":5,"href":"https:\/\/sipro.si\/sl\/wp-json\/wp\/v2\/pages\/377\/revisions"}],"predecessor-version":[{"id":573,"href":"https:\/\/sipro.si\/sl\/wp-json\/wp\/v2\/pages\/377\/revisions\/573"}],"up":[{"embeddable":true,"href":"https:\/\/sipro.si\/sl\/wp-json\/wp\/v2\/pages\/53"}],"wp:attachment":[{"href":"https:\/\/sipro.si\/sl\/wp-json\/wp\/v2\/media?parent=377"}],"curies":[{"name":"wp","href":"https:\/\/api.w.org\/{rel}","templated":true}]}}