{"id":356,"date":"2016-02-26T08:47:38","date_gmt":"2016-02-26T08:47:38","guid":{"rendered":"http:\/\/sipro.si\/?page_id=356"},"modified":"2016-02-29T13:08:07","modified_gmt":"2016-02-29T13:08:07","slug":"novice","status":"publish","type":"page","link":"https:\/\/sipro.si\/sl\/obvestila\/novice\/","title":{"rendered":"Novice"},"content":{"rendered":"<p><div class='pfpItem entry-content'><h2 class='entry-title'><a href='https:\/\/sipro.si\/sl\/prosto-delovno-mesto\/'>PROSTO DELOVNO MESTO<\/a><\/h2>RAZPIS ZA PROSTO DELOVNO MESTO &nbsp;<a href='https:\/\/sipro.si\/sl\/prosto-delovno-mesto\/' class='pfpReadMore'><br \/>\nPreberite ve\u010d \u00bb<\/a><div class='clear'><\/div><hr><\/div><div class='pfpItem entry-content'><h2 class='entry-title'><a href='https:\/\/sipro.si\/sl\/obrazlozitev-razdelilnika-stroska-poloznica\/'>Obrazlo\u017eitev razdelilnika stro\u0161ka (polo\u017enica)<\/a><\/h2><img src=\"https:\/\/sipro.si\/wp-content\/uploads\/2016\/10\/poloznica-150x150.jpg\" \/>POJASNILA mese\u010dnega razdelilnika stro\u0161kov Upravnik objekta za nemoteno obratovanje in vzdr\u017eevanje posamezne stavbe prejme mese\u010dno veliko \u0161tevilo ra\u010dunov razli\u010dnih dobaviteljev, ki so podlaga za mese\u010dni obra\u010dun stro\u0161kov (razdelilnik stro\u0161kov\/polo\u017enica). Zaradi razli\u010dnih dav\u010dnih stopenj in klju\u010dev delitev pa je posamezno fakturo<a href='https:\/\/sipro.si\/sl\/obrazlozitev-razdelilnika-stroska-poloznica\/' class='pfpReadMore'><br \/>\nPreberite ve\u010d \u00bb<\/a><div class='clear'><\/div><hr><\/div><div class='pfpItem entry-content'><h2 class='entry-title'><a href='https:\/\/sipro.si\/sl\/postopek-delitve-stroskov-za-toploto-za-ogrevanje\/'>Postopek delitve stro\u0161kov za toploto za ogrevanje<\/a><\/h2><img src=\"https:\/\/sipro.si\/wp-content\/uploads\/2016\/02\/shema-delitev-stroskov-150x150.png\" \/>Delitev stro\u0161kov za toploto za ogrevanje se izvaja po Pravilniku o na\u010dinu delitve in obra\u010dunu stro\u0161kov za toploto v stanovanjskih stavbah in drugih stavbah z ve\u010d posameznimi deli (Ur. list RS, \u0161t. 7\/2010), ki je nasledil Pravilnik o na\u010dinu delitve<a href='https:\/\/sipro.si\/sl\/postopek-delitve-stroskov-za-toploto-za-ogrevanje\/' class='pfpReadMore'><br \/>\nPreberite ve\u010d \u00bb<\/a><div class='clear'><\/div><hr><\/div><div class='pfpItem entry-content'><h2 class='entry-title'><a href='https:\/\/sipro.si\/sl\/energetska-izkaznica\/'>Energetska izkaznica<\/a><\/h2><img src=\"https:\/\/sipro.si\/wp-content\/uploads\/2015\/07\/energy-image-150x150.jpg\" \/>Kaj je energetska izkaznica? Energetska izkaznica vsebuje podatke o energijski u\u010dinkovitosti stavbe in priporo\u010dila za pove\u010danje energijske u\u010dinkovitosti. Zakaj je Slovenija uvedla energetske izkaznice? Uvedbo energetskih izkaznic v vseh \u010dlanicah Evropske unije je dolo\u010dila evropska direktiva Sveta o energetski u\u010dinkovitosti<a href='https:\/\/sipro.si\/sl\/energetska-izkaznica\/' class='pfpReadMore'><br \/>\nPreberite ve\u010d \u00bb<\/a><div class='clear'><\/div><hr><\/div><\/p>","protected":false},"excerpt":{"rendered":"","protected":false},"author":1,"featured_media":0,"parent":99,"menu_order":0,"comment_status":"closed","ping_status":"closed","template":"","meta":[],"_links":{"self":[{"href":"https:\/\/sipro.si\/sl\/wp-json\/wp\/v2\/pages\/356"}],"collection":[{"href":"https:\/\/sipro.si\/sl\/wp-json\/wp\/v2\/pages"}],"about":[{"href":"https:\/\/sipro.si\/sl\/wp-json\/wp\/v2\/types\/page"}],"author":[{"embeddable":true,"href":"https:\/\/sipro.si\/sl\/wp-json\/wp\/v2\/users\/1"}],"replies":[{"embeddable":true,"href":"https:\/\/sipro.si\/sl\/wp-json\/wp\/v2\/comments?post=356"}],"version-history":[{"count":6,"href":"https:\/\/sipro.si\/sl\/wp-json\/wp\/v2\/pages\/356\/revisions"}],"predecessor-version":[{"id":413,"href":"https:\/\/sipro.si\/sl\/wp-json\/wp\/v2\/pages\/356\/revisions\/413"}],"up":[{"embeddable":true,"href":"https:\/\/sipro.si\/sl\/wp-json\/wp\/v2\/pages\/99"}],"wp:attachment":[{"href":"https:\/\/sipro.si\/sl\/wp-json\/wp\/v2\/media?parent=356"}],"curies":[{"name":"wp","href":"https:\/\/api.w.org\/{rel}","templated":true}]}}