{"id":301,"date":"2016-02-24T14:35:06","date_gmt":"2016-02-24T14:35:06","guid":{"rendered":"http:\/\/sipro.si\/?page_id=301"},"modified":"2024-10-16T15:39:08","modified_gmt":"2024-10-16T14:39:08","slug":"zakonodaja","status":"publish","type":"page","link":"https:\/\/sipro.si\/sl\/zakonodaja\/","title":{"rendered":"Zakonodaja"},"content":{"rendered":"<p>Spodaj smo vam pripravili nekaj bli\u017enjic sprejetih zakonov, pravilnikov, predpisov, ki vam bodo morda<\/p>\n<p>odgovorili na postavljena vpra\u0161anja in vam tudi pojasnili na\u0161e in va\u0161e dol\u017enosti ter pravice<\/p>\n<p><span style=\"text-decoration: underline;\">ZAKONI:<\/span><\/p>\n<p>&nbsp;<\/p>\n<ul>\n<li><a href=\"http:\/\/www.pisrs.si\/Pis.web\/pregledPredpisa?id=ZAKO2008\">STANOVANJSKI ZAKON<\/a><\/li>\n<li><a href=\"https:\/\/www.uradni-list.si\/1\/content?id=116549\">ENERGETSKI ZAKON<\/a><\/li>\n<li><a href=\"http:\/\/www.uradni-list.si\/1\/objava.jsp?urlid=200358&amp;stevilka=2857\" target=\"_blank\" rel=\"noopener\">ZAKON O ZEMLJI\u0160KI KNJIGI<\/a><\/li>\n<li><a href=\"http:\/\/www.pisrs.si\/Pis.web\/pregledPredpisa?id=ZAKO1581\" target=\"_blank\" rel=\"noopener\">ZAKON O UREJANJU PROSTORA<\/a><\/li>\n<li><a href=\"http:\/\/www.pisrs.si\/Pis.web\/pregledPredpisa?id=ZAKO1514\" target=\"_blank\" rel=\"noopener\">ZAKON O DENACIONALIZACIJI<\/a><\/li>\n<\/ul>\n<p>&nbsp;<\/p>\n<p><span style=\"text-decoration: underline;\">PRAVILNIKI<\/span><\/p>\n<p><a href=\"https:\/\/www.gov.si\/teme\/upravljanje-v-vecstanovanjskih-stavbah\/#e36075\">Zakonodaja s podro\u010dja upravljanja v ve\u010dstanovanjskih stavbah<\/a><\/p>\n<p>&nbsp;<\/p>\n<p><span style=\"text-decoration: underline;\">ODLOKI<\/span><\/p>\n<p>&#8211; Odlok o videzu naselij in krajine v Ob\u010dini \u017dalec (<a href=\"https:\/\/www.uradni-list.si\/1\/content?id=118294\" target=\"_blank\" rel=\"noopener\">https:\/\/www.uradni-list.si\/1\/content?id=118294<\/a>)<\/p>\n","protected":false},"excerpt":{"rendered":"<p>Spodaj smo vam pripravili nekaj bli\u017enjic sprejetih zakonov, pravilnikov, predpisov, ki vam bodo morda odgovorili na postavljena vpra\u0161anja in vam tudi pojasnili na\u0161e in va\u0161e dol\u017enosti ter pravice ZAKONI: &nbsp; STANOVANJSKI ZAKON ENERGETSKI ZAKON ZAKON O ZEMLJI\u0160KI KNJIGI ZAKON O<\/p>\n","protected":false},"author":1,"featured_media":0,"parent":0,"menu_order":0,"comment_status":"closed","ping_status":"closed","template":"","meta":[],"_links":{"self":[{"href":"https:\/\/sipro.si\/sl\/wp-json\/wp\/v2\/pages\/301"}],"collection":[{"href":"https:\/\/sipro.si\/sl\/wp-json\/wp\/v2\/pages"}],"about":[{"href":"https:\/\/sipro.si\/sl\/wp-json\/wp\/v2\/types\/page"}],"author":[{"embeddable":true,"href":"https:\/\/sipro.si\/sl\/wp-json\/wp\/v2\/users\/1"}],"replies":[{"embeddable":true,"href":"https:\/\/sipro.si\/sl\/wp-json\/wp\/v2\/comments?post=301"}],"version-history":[{"count":7,"href":"https:\/\/sipro.si\/sl\/wp-json\/wp\/v2\/pages\/301\/revisions"}],"predecessor-version":[{"id":1422,"href":"https:\/\/sipro.si\/sl\/wp-json\/wp\/v2\/pages\/301\/revisions\/1422"}],"wp:attachment":[{"href":"https:\/\/sipro.si\/sl\/wp-json\/wp\/v2\/media?parent=301"}],"curies":[{"name":"wp","href":"https:\/\/api.w.org\/{rel}","templated":true}]}}