{"id":227,"date":"2015-07-02T06:15:35","date_gmt":"2015-07-02T06:15:35","guid":{"rendered":"http:\/\/sipro.si\/?page_id=227"},"modified":"2024-08-12T10:35:54","modified_gmt":"2024-08-12T09:35:54","slug":"kontaktne-osebe","status":"publish","type":"page","link":"https:\/\/sipro.si\/sl\/kontakti\/kontaktne-osebe\/","title":{"rendered":"Kontaktne osebe"},"content":{"rendered":"<p><u>Za vas smo dosegljivi osebno (glej uradne ure), po telefonu (glej uradne ure) ali pa preko elektronske po\u0161te.<\/u><\/p>\n<table style=\"font-family: 'Arial Narrow', Arial, sans-serif; font-size: 12px; height: 594px;\" width=\"610\">\n<tbody>\n<tr>\n<th>SLU\u017dBA<\/th>\n<th>TELEFONSKA \u0160TEVILKA<\/th>\n<th>IME IN PRIIMEK<\/th>\n<th>ELEKTRONSKI NASLOV<\/th>\n<\/tr>\n<tr>\n<td>\n<h5>SIPRO d.o.o.<\/h5>\n<\/td>\n<td>\n<h5>\u00a003 71-21-360<\/h5>\n<h5>03 71-21-361<\/h5>\n<h5>Fax.: 03\/71-21-362<\/h5>\n<\/td>\n<td><\/td>\n<td>\n<h5>\u00a0<a href=\"mailto:info@sipro.si\">info@sipro.si<\/a><\/h5>\n<\/td>\n<\/tr>\n<tr>\n<td><\/td>\n<td><\/td>\n<td><\/td>\n<td><\/td>\n<\/tr>\n<tr>\n<td>\n<h5>Direktor<\/h5>\n<\/td>\n<td>\n<h5>\u00a003 71-21-360<\/h5>\n<\/td>\n<td>\n<h5>Brane Ter\u0161ek<\/h5>\n<\/td>\n<td>\n<h5>\u00a0<a href=\"mailto:info@sipro.si\">info@sipro.si<\/a><\/h5>\n<\/td>\n<\/tr>\n<tr>\n<td>\n<h5>Poslovna asistentka<\/h5>\n<\/td>\n<td>\n<h5>\u00a003 71-21-364<\/h5>\n<\/td>\n<td>\n<h5>Maja \u0160elekar<\/h5>\n<\/td>\n<td>\n<h5>\u00a0<a href=\"mailto:tajnistvo@sipro.si\">tajnistvo@sipro.si<\/a><\/h5>\n<\/td>\n<\/tr>\n<tr>\n<td>\n<h5>Vodja fin. ra\u010d. slu\u017ebe<\/h5>\n<\/td>\n<td>\n<h5>\u00a003 71-21-366<\/h5>\n<\/td>\n<td>\n<h5>Aleksandra Gorjup<\/h5>\n<\/td>\n<td>\n<h5><a href=\"mailto:aleksandra.gorjup@sipro.si\">aleksandra.gorjup@sipro.si<\/a><\/h5>\n<\/td>\n<\/tr>\n<tr>\n<td>\n<h5>Knjigovodkinja<\/h5>\n<\/td>\n<td>\n<h5>\u00a003 71-21-370<\/h5>\n<\/td>\n<td>\n<h5>Du\u0161anka Zaleznik<\/h5>\n<\/td>\n<td>\n<h5>\u00a0<a href=\"mailto:dusanka.zaleznik@sipro.si\">dusanka.zaleznik@sipro.si<\/a><\/h5>\n<\/td>\n<\/tr>\n<tr>\n<td>\n<h5>Knjigovodkinja<\/h5>\n<\/td>\n<td>\n<h5>\u00a003 71-21-377<\/h5>\n<\/td>\n<td>\n<h5>Laura Ropret<\/h5>\n<\/td>\n<td>\n<h5>\u00a0<a href=\"mailto:laura.ropret@sipro.si\">laura.ropret@sipro.si<\/a><\/h5>\n<\/td>\n<\/tr>\n<tr>\n<td>\n<h5>Referent za obra\u010dun in informatiko<\/h5>\n<\/td>\n<td>\n<h5>03 71-21-375<\/h5>\n<\/td>\n<td>\n<h5>Simona Simoni\u010d<\/h5>\n<\/td>\n<td>\n<h5><a href=\"mailto:simona.simonic@sipro.si\">simona.simonic@sipro.si<\/a><\/h5>\n<\/td>\n<\/tr>\n<tr>\n<td>\n<h5>Strokovna delavka za izterjavo<\/h5>\n<\/td>\n<td>\n<h5>03 71 21 373<\/h5>\n<\/td>\n<td>\n<h5>Ur\u0161ka Cokan Vedenik<\/h5>\n<\/td>\n<td>\n<h5><a href=\"mailto:urska.cokan-vedenik@sipro.si\">urska.cokan-vedenik@sipro.si<\/a><\/h5>\n<\/td>\n<\/tr>\n<tr>\n<td>\n<h5>Vodja upravnikov<\/h5>\n<\/td>\n<td>\n<h5>03 71-21-363<\/h5>\n<\/td>\n<td>\n<h5>Robert Tisel<\/h5>\n<\/td>\n<td>\n<h5><a href=\"mailto:robert.tisel@sipro.si\">robert.tisel@sipro.si<\/a><\/h5>\n<\/td>\n<\/tr>\n<tr>\n<td>\n<h5>Referent upravljanja<\/h5>\n<\/td>\n<td>\n<h5>03 71-21-374<\/h5>\n<\/td>\n<td>\n<h5>Luka Gor\u0161ek<\/h5>\n<\/td>\n<td>\n<h5><a href=\"mailto:luka.gorsek@sipro.si\">luka.gorsek@sipro.si<\/a><\/h5>\n<\/td>\n<\/tr>\n<tr>\n<td>\n<h5>Referent upravljanja<\/h5>\n<\/td>\n<td>\n<h5>03 71-21-372<\/h5>\n<\/td>\n<td>\n<h5>Rok Luzar<\/h5>\n<\/td>\n<td>\n<h5><a href=\"mailto:rok.luzar@sipro.si\">rok.luzar@sipro.si<\/a><\/h5>\n<\/td>\n<\/tr>\n<tr>\n<td>\n<h5>Referent upravljanja<\/h5>\n<h5>Referent upravljanja<\/h5>\n<\/td>\n<td>\n<h5>03 71-21-374<\/h5>\n<h5>03 71-21-363<\/h5>\n<\/td>\n<td>\n<h5>Mateja Gojzdnik<\/h5>\n<h5>Aleksandar Ivanovski<\/h5>\n<\/td>\n<td>\n<h5><a href=\"mailto:mateja.gojzdnik@sipro.si\">mateja.gojzdnik@sipro.si<\/a><\/h5>\n<h5><a href=\"mailto:aleksandar.ivanovski@sipro.si\">aleksandar.ivanovski@sipro.si<\/a><\/h5>\n<\/td>\n<\/tr>\n<tr>\n<td>\n<h5>\u00a0Referent upravljanja<\/h5>\n<\/td>\n<td>\n<h5>\u00a003 71-21-382<\/h5>\n<\/td>\n<td>\n<h5>Natalija Kra\u0161ovic<\/h5>\n<\/td>\n<td>\n<h5><a href=\"mailto:natalija.krasovic@sipro.si\">natalija.krasovic@sipro.si<\/a><\/h5>\n<\/td>\n<\/tr>\n<tr>\n<td>\n<h5>Referent upravljanja<\/h5>\n<\/td>\n<td>\n<h5>\u00a003 71-21-382<\/h5>\n<\/td>\n<td>\n<h5>Teja Cimperman<\/h5>\n<\/td>\n<td>\n<h5><a href=\"mailto:teja.cimperman@sipro.si\">teja.cimperman@sipro.si<\/a><\/h5>\n<\/td>\n<\/tr>\n<tr>\n<td>\n<h5>Vodja energetike<\/h5>\n<\/td>\n<td>\n<h5>\u00a003 71-21-372<\/h5>\n<\/td>\n<td>\n<h5>Matev\u017e Cene<\/h5>\n<\/td>\n<td>\n<h5>\u00a0<a href=\"mailto:matevz.cene@sipro.si\">matevz.cene@sipro.si<\/a><\/h5>\n<\/td>\n<\/tr>\n<tr>\n<td>\n<h5>Kotlovnica \u017dalec<\/h5>\n<\/td>\n<td>\n<h5>051 209 454<\/h5>\n<\/td>\n<td>\n<h5>Alojz \u010crepin\u0161ek<\/h5>\n<\/td>\n<td>\n<h5>\u00a0<a href=\"mailto:kotlovnica@sipro.si\">kotlovnica@sipro.si<\/a><\/h5>\n<\/td>\n<\/tr>\n<tr>\n<td><\/td>\n<td>\n<h5>\u00a0041 570 162<\/h5>\n<\/td>\n<td>\n<h5>Vilko Kloko\u010dovnik<\/h5>\n<\/td>\n<td>\n<h5>\u00a0<a href=\"mailto:kotlovnica@sipro.si\">kotlovnica@sipro.si<\/a><\/h5>\n<\/td>\n<\/tr>\n<\/tbody>\n<\/table>\n<h3><\/h3>\n<h3><\/h3>\n<h3>Informacije<\/h3>\n<p>\u010ce:<\/p>\n<ul>\n<li>vam va\u0161e stanovanje ne slu\u017ei ve\u010d kot neko\u010d,<\/li>\n<li>\u017eelite pomo\u010d pri vzdr\u017eevalnih delih v va\u0161em stanovanju;<\/li>\n<li>\u017eelite informacije glede obra\u010duna stro\u0161kov;<\/li>\n<li>\u017eelite nasvet na\u0161e pravne slu\u017ebe;<\/li>\n<\/ul>\n<p>nas lahko obi\u0161\u010dete v \u010dasu uradnih ur v na\u0161ih prostorih na Pe\u010dnikovi ulici 1 v \u017dalcu.<\/p>\n<p>Va\u0161ega obiska bomo vedno veseli!<\/p>\n","protected":false},"excerpt":{"rendered":"<p>Za vas smo dosegljivi osebno (glej uradne ure), po telefonu (glej uradne ure) ali pa preko elektronske po\u0161te. SLU\u017dBA TELEFONSKA \u0160TEVILKA IME IN PRIIMEK ELEKTRONSKI NASLOV SIPRO d.o.o. \u00a003 71-21-360 03 71-21-361 Fax.: 03\/71-21-362 \u00a0info@sipro.si Direktor \u00a003 71-21-360 Brane Ter\u0161ek<\/p>\n","protected":false},"author":1,"featured_media":0,"parent":343,"menu_order":0,"comment_status":"closed","ping_status":"closed","template":"","meta":[],"_links":{"self":[{"href":"https:\/\/sipro.si\/sl\/wp-json\/wp\/v2\/pages\/227"}],"collection":[{"href":"https:\/\/sipro.si\/sl\/wp-json\/wp\/v2\/pages"}],"about":[{"href":"https:\/\/sipro.si\/sl\/wp-json\/wp\/v2\/types\/page"}],"author":[{"embeddable":true,"href":"https:\/\/sipro.si\/sl\/wp-json\/wp\/v2\/users\/1"}],"replies":[{"embeddable":true,"href":"https:\/\/sipro.si\/sl\/wp-json\/wp\/v2\/comments?post=227"}],"version-history":[{"count":75,"href":"https:\/\/sipro.si\/sl\/wp-json\/wp\/v2\/pages\/227\/revisions"}],"predecessor-version":[{"id":1366,"href":"https:\/\/sipro.si\/sl\/wp-json\/wp\/v2\/pages\/227\/revisions\/1366"}],"up":[{"embeddable":true,"href":"https:\/\/sipro.si\/sl\/wp-json\/wp\/v2\/pages\/343"}],"wp:attachment":[{"href":"https:\/\/sipro.si\/sl\/wp-json\/wp\/v2\/media?parent=227"}],"curies":[{"name":"wp","href":"https:\/\/api.w.org\/{rel}","templated":true}]}}