{"id":200,"date":"2015-07-01T19:44:00","date_gmt":"2015-07-01T19:44:00","guid":{"rendered":"http:\/\/sipro.si\/?page_id=200"},"modified":"2018-08-28T07:01:17","modified_gmt":"2018-08-28T06:01:17","slug":"upravljanje-povprasevanje","status":"publish","type":"page","link":"https:\/\/sipro.si\/sl\/upravljanje-povprasevanje\/","title":{"rendered":"I\u0161\u010dete upravnika?"},"content":{"rendered":"<p>Kakovostno upravljanje ali vzdr\u017eevanje ve\u010d kot 200 razli\u010dnih objektov, za katere skrbimo, da ohranjajo ali pove\u010dujejo svojo vrednost.<\/p>\n<p>Izpolnite obrazec in nam ga po\u0161ljite. V roku dveh delovnih dni se vam bomo oglasili.<\/p>\n<p>Hvala za zaupanje.<\/p>\n<p><div role=\"form\" class=\"wpcf7\" id=\"wpcf7-f381-o1\" lang=\"si-Sl\" dir=\"ltr\">\n<div class=\"screen-reader-response\"><p role=\"status\" aria-live=\"polite\" aria-atomic=\"true\"><\/p> <ul><\/ul><\/div>\n<form action=\"\/sl\/wp-json\/wp\/v2\/pages\/200#wpcf7-f381-o1\" method=\"post\" class=\"wpcf7-form init\" novalidate=\"novalidate\" data-status=\"init\">\n<div style=\"display: none;\">\n<input type=\"hidden\" name=\"_wpcf7\" value=\"381\" \/>\n<input type=\"hidden\" name=\"_wpcf7_version\" value=\"5.4.1\" \/>\n<input type=\"hidden\" name=\"_wpcf7_locale\" value=\"si_Sl\" \/>\n<input type=\"hidden\" name=\"_wpcf7_unit_tag\" value=\"wpcf7-f381-o1\" \/>\n<input type=\"hidden\" name=\"_wpcf7_container_post\" value=\"0\" \/>\n<input type=\"hidden\" name=\"_wpcf7_posted_data_hash\" value=\"\" \/>\n<\/div>\n<p>Naslov*<br \/>\n    <span class=\"wpcf7-form-control-wrap naslov\"><input type=\"text\" name=\"naslov\" value=\"\" size=\"40\" class=\"wpcf7-form-control wpcf7-text wpcf7-validates-as-required\" aria-required=\"true\" aria-invalid=\"false\" \/><\/span> <\/p>\n<p>Po\u0161ta in kraj*<br \/>\n    <span class=\"wpcf7-form-control-wrap posta\"><input type=\"text\" name=\"posta\" value=\"\" size=\"40\" class=\"wpcf7-form-control wpcf7-text wpcf7-validates-as-required\" aria-required=\"true\" aria-invalid=\"false\" \/><\/span> <\/p>\n<p>Leto gradnje<br \/>\n    <span class=\"wpcf7-form-control-wrap letoGradnje\"><input type=\"text\" name=\"letoGradnje\" value=\"\" size=\"40\" class=\"wpcf7-form-control wpcf7-text\" aria-invalid=\"false\" \/><\/span> <\/p>\n<p>\u0160tevilo stanovanj<br \/>\n    <span class=\"wpcf7-form-control-wrap stStanovanj\"><input type=\"text\" name=\"stStanovanj\" value=\"\" size=\"40\" class=\"wpcf7-form-control wpcf7-text\" aria-invalid=\"false\" \/><\/span> <\/p>\n<p><!--\n<p>Povr\u0161ina stanovanjskih prostorov<br \/>\n    <span class=\"wpcf7-form-control-wrap kvadratura\"><input type=\"text\" name=\"kvadratura\" value=\"\" size=\"40\" class=\"wpcf7-form-control wpcf7-text\" aria-invalid=\"false\" \/><\/span> <\/p>\n<p>--><\/p>\n<p>\u0160tevilo poslovnih prostorov<br \/>\n    <span class=\"wpcf7-form-control-wrap stPosProstorov\"><input type=\"text\" name=\"stPosProstorov\" value=\"\" size=\"40\" class=\"wpcf7-form-control wpcf7-text\" aria-invalid=\"false\" \/><\/span> <\/p>\n<p><!--\n<p>Povr\u0161ina poslovnih prostorov<br \/>\n    <span class=\"wpcf7-form-control-wrap kvadraturaPoslovna\"><input type=\"text\" name=\"kvadraturaPoslovna\" value=\"\" size=\"40\" class=\"wpcf7-form-control wpcf7-text\" aria-invalid=\"false\" \/><\/span> <\/p>\n<p>--><\/p>\n<p><!--\n<p>\u0160tevilo gara\u017e<br \/>\n    <span class=\"wpcf7-form-control-wrap stGaraz\"><input type=\"text\" name=\"stGaraz\" value=\"\" size=\"40\" class=\"wpcf7-form-control wpcf7-text\" aria-invalid=\"false\" \/><\/span> <\/p>\n<p>--><\/p>\n<p>Ime in priimek*<br \/>\n    <span class=\"wpcf7-form-control-wrap ime\"><input type=\"text\" name=\"ime\" value=\"\" size=\"40\" class=\"wpcf7-form-control wpcf7-text wpcf7-validates-as-required\" aria-required=\"true\" aria-invalid=\"false\" \/><\/span> <\/p>\n<p>Telefonska \u0161tevilka*<br \/>\n    <span class=\"wpcf7-form-control-wrap telefonska\"><input type=\"text\" name=\"telefonska\" value=\"\" size=\"40\" class=\"wpcf7-form-control wpcf7-text wpcf7-validates-as-required\" aria-required=\"true\" aria-invalid=\"false\" \/><\/span> <\/p>\n<p>E-po\u0161tni naslov*<br \/>\n    <span class=\"wpcf7-form-control-wrap email\"><input type=\"email\" name=\"email\" value=\"\" size=\"40\" class=\"wpcf7-form-control wpcf7-text wpcf7-email wpcf7-validates-as-required wpcf7-validates-as-email\" aria-required=\"true\" aria-invalid=\"false\" \/><\/span><\/p>\n<p>[recaptcha]<\/p>\n<p><input type=\"submit\" value=\"Po\u0161lji povpra\u0161evanje\" class=\"wpcf7-form-control wpcf7-submit\" \/><\/p>\n<div class=\"wpcf7-response-output\" aria-hidden=\"true\"><\/div><\/form><\/div><\/p>","protected":false},"excerpt":{"rendered":"<p>Kakovostno upravljanje ali vzdr\u017eevanje ve\u010d kot 200 razli\u010dnih objektov, za katere skrbimo, da ohranjajo ali pove\u010dujejo svojo vrednost. Izpolnite obrazec in nam ga po\u0161ljite. V roku dveh delovnih dni se vam bomo oglasili. Hvala za zaupanje.<\/p>\n","protected":false},"author":1,"featured_media":253,"parent":0,"menu_order":0,"comment_status":"closed","ping_status":"closed","template":"","meta":[],"_links":{"self":[{"href":"https:\/\/sipro.si\/sl\/wp-json\/wp\/v2\/pages\/200"}],"collection":[{"href":"https:\/\/sipro.si\/sl\/wp-json\/wp\/v2\/pages"}],"about":[{"href":"https:\/\/sipro.si\/sl\/wp-json\/wp\/v2\/types\/page"}],"author":[{"embeddable":true,"href":"https:\/\/sipro.si\/sl\/wp-json\/wp\/v2\/users\/1"}],"replies":[{"embeddable":true,"href":"https:\/\/sipro.si\/sl\/wp-json\/wp\/v2\/comments?post=200"}],"version-history":[{"count":9,"href":"https:\/\/sipro.si\/sl\/wp-json\/wp\/v2\/pages\/200\/revisions"}],"predecessor-version":[{"id":836,"href":"https:\/\/sipro.si\/sl\/wp-json\/wp\/v2\/pages\/200\/revisions\/836"}],"wp:featuredmedia":[{"embeddable":true,"href":"https:\/\/sipro.si\/sl\/wp-json\/wp\/v2\/media\/253"}],"wp:attachment":[{"href":"https:\/\/sipro.si\/sl\/wp-json\/wp\/v2\/media?parent=200"}],"curies":[{"name":"wp","href":"https:\/\/api.w.org\/{rel}","templated":true}]}}